{"id":861,"date":"2016-04-16T03:03:03","date_gmt":"2016-04-16T02:03:03","guid":{"rendered":"http:\/\/localhost:8888\/?page_id=861"},"modified":"2017-03-02T17:44:45","modified_gmt":"2017-03-02T16:44:45","slug":"mentions-legales","status":"publish","type":"page","link":"https:\/\/cortomaltese.com\/fr\/mentions-legales\/","title":{"rendered":"Mentions l\u00e9gales"},"content":{"rendered":"<div class=\"fusion-fullwidth fullwidth-box fusion-builder-row-1 nonhundred-percent-fullwidth non-hundred-percent-height-scrolling\" style=\"--awb-background-position:left top;--awb-border-radius-top-left:0px;--awb-border-radius-top-right:0px;--awb-border-radius-bottom-right:0px;--awb-border-radius-bottom-left:0px;--awb-padding-top:20px;--awb-padding-bottom:20px;--awb-border-sizes-top:0px;--awb-border-sizes-bottom:0px;--awb-flex-wrap:wrap;\" ><div class=\"fusion-builder-row fusion-row\"><div class=\"fusion-layout-column fusion_builder_column fusion-builder-column-0 fusion_builder_column_1_1 1_1 fusion-one-full fusion-column-first fusion-column-last fusion-column-no-min-height\" style=\"--awb-bg-size:cover;--awb-margin-bottom:0px;\"><div class=\"fusion-column-wrapper fusion-flex-column-wrapper-legacy\"><div class=\"fusion-title title fusion-title-1 fusion-sep-none fusion-title-text fusion-title-size-one\"><h1 class=\"fusion-title-heading title-heading-left fusion-responsive-typography-calculated\" style=\"margin:0;--fontSize:36;line-height:1.33;\">Mentions l\u00e9gales<\/h1><\/div><div class=\"fusion-sep-clear\"><\/div><div class=\"fusion-separator fusion-clearfix\" style=\"float:left;margin-top:0px;margin-bottom:30px;width:100%;max-width:40%;\"><div class=\"fusion-separator-border sep-single sep-solid\" style=\"--awb-height:20px;--awb-amount:20px;--awb-sep-color:#dd3333;border-color:#dd3333;border-top-width:4px;\"><\/div><\/div><div class=\"fusion-sep-clear\"><\/div><div class=\"fusion-text fusion-text-1\"><p>L\u2019acc\u00e8s, la consultation et l\u2019utilisation des pages du pr\u00e9sent site web <strong>www.cortomaltese.com<\/strong> (ci-apr\u00e8s d\u00e9nomm\u00e9 \u00ab le Site\u00bb) entra\u00eenent l\u2019acceptation de la part de l\u2019Utilisateur de l\u2019ensemble des mentions l\u00e9gales indiqu\u00e9es ci-dessous.<\/p>\n<p>Tous les contenus du pr\u00e9sent Site \u2013 comprenant les donn\u00e9es, informations, images, graphiques, dessins, marques et noms de domaine \u2013 sont la propri\u00e9t\u00e9 de CONG SA. Les informations contenues sur le Site sont produites par des sources internes sauf indication contraire. CONG SA\u00a0se r\u00e9serve le droit de modifier \u00e0 tout moment, sans pr\u00e9avis, et \u00e0 sa discr\u00e9tion les contenus et les modalit\u00e9s de fonctionnement du Site.<\/p>\n<p>CONG SA autorise d\u2019autre part la reproduction, la distribution et la communication au public des contenus pr\u00e9sents sur le Site \u00e0 la condition d\u2019attribuer la paternit\u00e9 de l\u2019\u0153uvre en citant express\u00e9ment CONG SA en qualit\u00e9 d\u2019auteur et en ins\u00e9rant le lien renvoyant \u00e0 la page du contenu d\u2019origine.<\/p>\n<p>CONG SA s\u2019assure que les informations contenues sur le Site r\u00e9pondent aux exigences de fiabilit\u00e9, correction, soin, exhaustivit\u00e9, actualit\u00e9 et aient un but purement informatif. Dans tous les cas, CONG SA d\u00e9cline toute forme de responsabilit\u00e9 pour d\u2019\u00e9ventuelles erreurs, inexactitudes, oublis et omissions qui pourraient se trouver dans les contenus publi\u00e9s, qu\u2019ils proviennent d\u2019erreurs mat\u00e9rielles ou de coquilles d\u2019impression, imputation de donn\u00e9es, formatage ou scann\u00e9risation. Ces consid\u00e9rations sont \u00e9galement valables pour les contenus, accueillis sur le Site, produits par des soci\u00e9t\u00e9s tierces avec lesquelles CONG SA collabore.<\/p>\n<p>CONG SA n\u2019est en aucune fa\u00e7on responsable du contenu de tout autre site web par l\u2019interm\u00e9diaire duquel \u2013 \u00e0 travers un hyperlien \u2013 l\u2019Utilisateur aurait acc\u00e9d\u00e9 au Site, ni de celui des sites web accessibles \u2013 par hyperlien \u2013 \u00e0 partir du Site lui-m\u00eame, ni d\u2019\u00e9ventuelles pertes ou dommages subis par l\u2019Utilisateur pour quelque motif que ce soit en cons\u00e9quence de l\u2019acc\u00e8s de la part de ce dernier \u00e0 des sites web auxquels le Site serait reli\u00e9 par hyperlien.<\/p>\n<p>CONG SA d\u00e9clare en outre ne pas \u00eatre responsable des commentaires ins\u00e9r\u00e9s dans les post. D\u2019\u00e9ventuels commentaires pr\u00e9judiciables \u00e0 l\u2019image ou \u00e0 l\u2019honorabilit\u00e9 de tiers ne sauraient \u00eatre imputables \u00e0 la Soci\u00e9t\u00e9, y compris dans le cas o\u00f9 le commentaire serait exprim\u00e9 sous forme anonyme. Les commentaires sont mod\u00e9r\u00e9s et tout type de langage ou comportement pr\u00e9judiciable aux tiers entra\u00eenera leur effacement imm\u00e9diat.<\/p>\n<p>CONG SA n\u2019est en outre pas responsable de la privation de jouissance du Site, du retard dans la mise \u00e0 jour de ses informations, ni des dommages provenant d\u2019\u00e9ventuelles interruptions, suspensions, retards ou anomalies de la connexion au Site dus \u00e0 la fourniture d\u2019\u00e9nergie \u00e9lectrique ou au service t\u00e9l\u00e9phonique ou au mauvais fonctionnement du r\u00e9seau Internet ou de toute autre cause non d\u00e9pendante de CONG SA.<\/p>\n<p>CONG SA et les Structures Techniques par elle d\u00e9l\u00e9gu\u00e9es prot\u00e8gent le Site contre le risque d\u2019intrusion et contre l\u2019action de programmes visant \u00e0 endommager ou interrompre le fonctionnement de ce dernier, et ce par le recours \u00e0 des moyens \u00e9lectroniques et \u00e0 des syst\u00e8mes antivirus adapt\u00e9s. Il est n\u00e9anmoins de la responsabilit\u00e9 exclusive de l\u2019Utilisateur d\u2019\u00e9quiper ses \u00e9quipements \u00e9lectroniques utilis\u00e9s pour la navigation sur le r\u00e9seau Internet de programmes et de syst\u00e8mes visant \u00e0 lui garantir une navigation prot\u00e9g\u00e9e sur les r\u00e9seaux t\u00e9l\u00e9matiques et une protection adapt\u00e9e contre les virus et autres programmes nuisibles.<\/p>\n<p>Pour toute information ou \u00e9claircissement, l\u2019Utilisateur peut contacter les personnes indiqu\u00e9es dans la section \u201c<a href=\"https:\/\/cortomaltese.com\/fr\/contacts\/\">contacts<\/a>\u201d du Site.<\/p>\n<\/div><div class=\"fusion-clearfix\"><\/div><\/div><\/div><\/div><\/div>\n","protected":false},"excerpt":{"rendered":"","protected":false},"author":1,"featured_media":0,"parent":0,"menu_order":0,"comment_status":"open","ping_status":"open","template":"","meta":{"footnotes":""},"class_list":["post-861","page","type-page","status-publish","hentry"],"yoast_head":"<!-- This site is optimized with the Yoast SEO plugin v26.5 - https:\/\/yoast.com\/wordpress\/plugins\/seo\/ -->\n<title>Mentions l\u00e9gales | Corto Maltese<\/title>\n<meta name=\"description\" content=\"L\u2019acc\u00e8s, la consultation et l\u2019utilisation des pages du pr\u00e9sent Site entra\u00eenent l\u2019acceptation, de la part de l\u2019Utilisateur, de l\u2019ensemble des mentions\" \/>\n<meta name=\"robots\" content=\"index, follow, max-snippet:-1, max-image-preview:large, max-video-preview:-1\" \/>\n<link rel=\"canonical\" href=\"https:\/\/cortomaltese.com\/fr\/mentions-legales\/\" \/>\n<meta property=\"og:locale\" content=\"fr_FR\" \/>\n<meta property=\"og:type\" content=\"article\" \/>\n<meta property=\"og:title\" content=\"Disclaimer del sito | Corto Maltese\" \/>\n<meta property=\"og:description\" content=\"L\u2019accesso, la consultazione e l\u2019utilizzo delle pagine del presente sito comportano l\u2019accettazione, da parte dell\u2019utente, del presente Disclaimer.\" \/>\n<meta property=\"og:url\" content=\"https:\/\/cortomaltese.com\/fr\/mentions-legales\/\" \/>\n<meta property=\"og:site_name\" content=\"cortomaltese fran\u00e7ais\" \/>\n<meta property=\"article:modified_time\" content=\"2017-03-02T16:44:45+00:00\" \/>\n<meta name=\"twitter:card\" content=\"summary_large_image\" \/>\n<meta name=\"twitter:label1\" content=\"Dur\u00e9e de lecture estim\u00e9e\" \/>\n\t<meta name=\"twitter:data1\" content=\"4 minutes\" \/>\n<script type=\"application\/ld+json\" class=\"yoast-schema-graph\">{\"@context\":\"https:\/\/schema.org\",\"@graph\":[{\"@type\":\"WebPage\",\"@id\":\"https:\/\/cortomaltese.com\/fr\/mentions-legales\/\",\"url\":\"https:\/\/cortomaltese.com\/fr\/mentions-legales\/\",\"name\":\"Mentions l\u00e9gales | Corto Maltese\",\"isPartOf\":{\"@id\":\"https:\/\/cortomaltese.com\/fr\/#website\"},\"datePublished\":\"2016-04-16T02:03:03+00:00\",\"dateModified\":\"2017-03-02T16:44:45+00:00\",\"description\":\"L\u2019acc\u00e8s, la consultation et l\u2019utilisation des pages du pr\u00e9sent Site entra\u00eenent l\u2019acceptation, de la part de l\u2019Utilisateur, de l\u2019ensemble des mentions\",\"breadcrumb\":{\"@id\":\"https:\/\/cortomaltese.com\/fr\/mentions-legales\/#breadcrumb\"},\"inLanguage\":\"fr-FR\",\"potentialAction\":[{\"@type\":\"ReadAction\",\"target\":[\"https:\/\/cortomaltese.com\/fr\/mentions-legales\/\"]}]},{\"@type\":\"BreadcrumbList\",\"@id\":\"https:\/\/cortomaltese.com\/fr\/mentions-legales\/#breadcrumb\",\"itemListElement\":[{\"@type\":\"ListItem\",\"position\":1,\"name\":\"Accueil\",\"item\":\"https:\/\/cortomaltese.com\/fr\/\"},{\"@type\":\"ListItem\",\"position\":2,\"name\":\"Mentions l\u00e9gales\"}]},{\"@type\":\"WebSite\",\"@id\":\"https:\/\/cortomaltese.com\/fr\/#website\",\"url\":\"https:\/\/cortomaltese.com\/fr\/\",\"name\":\"cortomaltese fran\u00e7ais\",\"description\":\"Il sito ufficiale\",\"potentialAction\":[{\"@type\":\"SearchAction\",\"target\":{\"@type\":\"EntryPoint\",\"urlTemplate\":\"https:\/\/cortomaltese.com\/fr\/?s={search_term_string}\"},\"query-input\":{\"@type\":\"PropertyValueSpecification\",\"valueRequired\":true,\"valueName\":\"search_term_string\"}}],\"inLanguage\":\"fr-FR\"}]}<\/script>\n<!-- \/ Yoast SEO plugin. -->","yoast_head_json":{"title":"Mentions l\u00e9gales | Corto Maltese","description":"L\u2019acc\u00e8s, la consultation et l\u2019utilisation des pages du pr\u00e9sent Site entra\u00eenent l\u2019acceptation, de la part de l\u2019Utilisateur, de l\u2019ensemble des mentions","robots":{"index":"index","follow":"follow","max-snippet":"max-snippet:-1","max-image-preview":"max-image-preview:large","max-video-preview":"max-video-preview:-1"},"canonical":"https:\/\/cortomaltese.com\/fr\/mentions-legales\/","og_locale":"fr_FR","og_type":"article","og_title":"Disclaimer del sito | Corto Maltese","og_description":"L\u2019accesso, la consultazione e l\u2019utilizzo delle pagine del presente sito comportano l\u2019accettazione, da parte dell\u2019utente, del presente Disclaimer.","og_url":"https:\/\/cortomaltese.com\/fr\/mentions-legales\/","og_site_name":"cortomaltese fran\u00e7ais","article_modified_time":"2017-03-02T16:44:45+00:00","twitter_card":"summary_large_image","twitter_misc":{"Dur\u00e9e de lecture estim\u00e9e":"4 minutes"},"schema":{"@context":"https:\/\/schema.org","@graph":[{"@type":"WebPage","@id":"https:\/\/cortomaltese.com\/fr\/mentions-legales\/","url":"https:\/\/cortomaltese.com\/fr\/mentions-legales\/","name":"Mentions l\u00e9gales | Corto Maltese","isPartOf":{"@id":"https:\/\/cortomaltese.com\/fr\/#website"},"datePublished":"2016-04-16T02:03:03+00:00","dateModified":"2017-03-02T16:44:45+00:00","description":"L\u2019acc\u00e8s, la consultation et l\u2019utilisation des pages du pr\u00e9sent Site entra\u00eenent l\u2019acceptation, de la part de l\u2019Utilisateur, de l\u2019ensemble des mentions","breadcrumb":{"@id":"https:\/\/cortomaltese.com\/fr\/mentions-legales\/#breadcrumb"},"inLanguage":"fr-FR","potentialAction":[{"@type":"ReadAction","target":["https:\/\/cortomaltese.com\/fr\/mentions-legales\/"]}]},{"@type":"BreadcrumbList","@id":"https:\/\/cortomaltese.com\/fr\/mentions-legales\/#breadcrumb","itemListElement":[{"@type":"ListItem","position":1,"name":"Accueil","item":"https:\/\/cortomaltese.com\/fr\/"},{"@type":"ListItem","position":2,"name":"Mentions l\u00e9gales"}]},{"@type":"WebSite","@id":"https:\/\/cortomaltese.com\/fr\/#website","url":"https:\/\/cortomaltese.com\/fr\/","name":"cortomaltese fran\u00e7ais","description":"Il sito ufficiale","potentialAction":[{"@type":"SearchAction","target":{"@type":"EntryPoint","urlTemplate":"https:\/\/cortomaltese.com\/fr\/?s={search_term_string}"},"query-input":{"@type":"PropertyValueSpecification","valueRequired":true,"valueName":"search_term_string"}}],"inLanguage":"fr-FR"}]}},"_links":{"self":[{"href":"https:\/\/cortomaltese.com\/fr\/wp-json\/wp\/v2\/pages\/861","targetHints":{"allow":["GET"]}}],"collection":[{"href":"https:\/\/cortomaltese.com\/fr\/wp-json\/wp\/v2\/pages"}],"about":[{"href":"https:\/\/cortomaltese.com\/fr\/wp-json\/wp\/v2\/types\/page"}],"author":[{"embeddable":true,"href":"https:\/\/cortomaltese.com\/fr\/wp-json\/wp\/v2\/users\/1"}],"replies":[{"embeddable":true,"href":"https:\/\/cortomaltese.com\/fr\/wp-json\/wp\/v2\/comments?post=861"}],"version-history":[{"count":0,"href":"https:\/\/cortomaltese.com\/fr\/wp-json\/wp\/v2\/pages\/861\/revisions"}],"wp:attachment":[{"href":"https:\/\/cortomaltese.com\/fr\/wp-json\/wp\/v2\/media?parent=861"}],"curies":[{"name":"wp","href":"https:\/\/api.w.org\/{rel}","templated":true}]}}