{"id":14961,"date":"2020-05-07T16:11:12","date_gmt":"2020-05-07T14:11:12","guid":{"rendered":"https:\/\/cortomaltese.com\/fr\/?page_id=14961"},"modified":"2020-05-08T08:04:11","modified_gmt":"2020-05-08T06:04:11","slug":"journal-de-bord","status":"publish","type":"page","link":"https:\/\/cortomaltese.com\/fr\/journal-de-bord\/","title":{"rendered":"Journal de bord"},"content":{"rendered":"<div class=\"fusion-fullwidth fullwidth-box fusion-builder-row-1 nonhundred-percent-fullwidth non-hundred-percent-height-scrolling\" style=\"--awb-border-radius-top-left:0px;--awb-border-radius-top-right:0px;--awb-border-radius-bottom-right:0px;--awb-border-radius-bottom-left:0px;--awb-flex-wrap:wrap;\" ><div class=\"fusion-builder-row fusion-row\"><div class=\"fusion-layout-column fusion_builder_column fusion-builder-column-0 fusion_builder_column_1_1 1_1 fusion-one-full fusion-column-first fusion-column-last\" style=\"--awb-bg-size:cover;\"><div class=\"fusion-column-wrapper fusion-column-has-shadow fusion-flex-column-wrapper-legacy\"><div class=\"fusion-blog-shortcode fusion-blog-shortcode-1 fusion-blog-archive fusion-blog-layout-grid-wrapper fusion-blog-pagination\"><style type=\"text\/css\">.fusion-blog-shortcode-1 .fusion-blog-layout-grid .fusion-post-grid{padding:20px;}.fusion-blog-shortcode-1 .fusion-posts-container{margin-left: -20px !important; margin-right:-20px !important;}<\/style><div class=\"fusion-posts-container fusion-posts-container-pagination fusion-blog-rollover fusion-blog-layout-grid fusion-blog-layout-grid-3 isotope\" data-pages=\"1\" data-grid-col-space=\"40\" style=\"margin: -20px -20px 0;min-height:500px;\"><article id=\"blog-1-post-14989\" class=\"fusion-post-grid post-14989 post type-post status-publish format-standard has-post-thumbnail hentry category-journal tag-hugo-pratt tag-interview tag-thierry-thomas\">\n<div class=\"fusion-post-wrapper\" style=\"background-color:rgba(255,255,255,0);border:1px solid #ebeaea;border-bottom-width:3px;\">\n\n\t\t\t<div class=\"fusion-flexslider flexslider fusion-flexslider-loading fusion-post-slideshow\" style=\"border-color:#ebeaea;\">\n\t\t<ul class=\"slides\">\n\t\t\t\n\t\t\t\t\t\t\t\t\t\t\t\t\t\t<li><div  class=\"fusion-image-wrapper\" aria-haspopup=\"true\">\n\t\t\t\t<img decoding=\"async\" width=\"5504\" height=\"6880\" src=\"https:\/\/cortomaltese.com\/fr\/wp-content\/uploads\/sites\/3\/Therry-Thomas.jpg\" class=\"attachment-full size-full wp-post-image\" alt=\"\" srcset=\"https:\/\/cortomaltese.com\/fr\/wp-content\/uploads\/sites\/3\/Therry-Thomas-200x250.jpg 200w, https:\/\/cortomaltese.com\/fr\/wp-content\/uploads\/sites\/3\/Therry-Thomas-400x500.jpg 400w, https:\/\/cortomaltese.com\/fr\/wp-content\/uploads\/sites\/3\/Therry-Thomas-600x750.jpg 600w, https:\/\/cortomaltese.com\/fr\/wp-content\/uploads\/sites\/3\/Therry-Thomas-800x1000.jpg 800w, https:\/\/cortomaltese.com\/fr\/wp-content\/uploads\/sites\/3\/Therry-Thomas-1200x1500.jpg 1200w, https:\/\/cortomaltese.com\/fr\/wp-content\/uploads\/sites\/3\/Therry-Thomas.jpg 5504w\" sizes=\"(min-width: 2200px) 100vw, (min-width: 824px) 340px, (min-width: 732px) 510px, (min-width: 640px) 732px, \" \/><div class=\"fusion-rollover\">\n\t<div class=\"fusion-rollover-content\">\n\n\t\t\t\t\t\t\t\t\t\t\t\t\t\t<a class=\"fusion-rollover-link\" href=\"https:\/\/cortomaltese.com\/fr\/interview-avec-thierry-thomas\/\">Interview avec Thierry Thomas: Hugo Pratt, ce qu&#8217;il a laiss\u00e9 en moi est comme le sillage d\u2019une musique<\/a>\n\t\t\t\n\t\t\t\t\t\t\t\t\n\t\t\n\t\t\t\t\t\t\t\t\t\t\t\t<h4 class=\"fusion-rollover-title\">\n\t\t\t\t\t<a class=\"fusion-rollover-title-link\" href=\"https:\/\/cortomaltese.com\/fr\/interview-avec-thierry-thomas\/\">\n\t\t\t\t\t\tInterview avec Thierry Thomas: Hugo Pratt, ce qu&#8217;il a laiss\u00e9 en moi est comme le sillage d\u2019une musique\t\t\t\t\t<\/a>\n\t\t\t\t<\/h4>\n\t\t\t\n\t\t\t\t\t\t\t\t\n\t\t\n\t\t\t\t\t\t<a class=\"fusion-link-wrapper\" href=\"https:\/\/cortomaltese.com\/fr\/interview-avec-thierry-thomas\/\" aria-label=\"Interview avec Thierry Thomas: Hugo Pratt, ce qu&#8217;il a laiss\u00e9 en moi est comme le sillage d\u2019une musique\"><\/a>\n\t<\/div>\n<\/div>\n<\/div>\n<\/li>\n\t\t\t\n\t\t\t\n\t\t\t\t\t\t\t\t\t\t\t\t\t\t\t\t\t\t\t\t\t\t\t\t\t\t\t\t\t\t\t\t\t\t\t\t\t\t\t\t\t\t\t\t\t\t\t\t\t\t\t\t\t\t\t\t\t\t\t\t\t\t\t\t\t\t\t\t<\/ul>\n\t<\/div>\n\t<div class=\"fusion-post-content-wrapper\" style=\"padding:30px 25px 20px 25px;\"><div class=\"fusion-post-content post-content\"><h2 class=\"blog-shortcode-post-title entry-title\"><a href=\"https:\/\/cortomaltese.com\/fr\/interview-avec-thierry-thomas\/\">Interview avec Thierry Thomas: Hugo Pratt, ce qu&#8217;il a laiss\u00e9 en moi est comme le sillage d\u2019une musique<\/a><\/h2><p class=\"fusion-single-line-meta\">By <span class=\"vcard\"><span class=\"fn\"><a href=\"https:\/\/cortomaltese.com\/fr\/author\/cortomaltese\/\" title=\"Articles par Corto Maltese\" rel=\"author\">Corto Maltese<\/a><\/span><\/span><span class=\"fusion-inline-sep\">|<\/span><span class=\"updated\" style=\"display:none;\">2020-07-02T09:11:28+02:00<\/span><span>2 juillet, 2020<\/span><span class=\"fusion-inline-sep\">|<\/span>Categories: <a href=\"https:\/\/cortomaltese.com\/fr\/category\/journal\/\" rel=\"category tag\">Journal<\/a><span class=\"fusion-inline-sep\">|<\/span><span class=\"meta-tags\">Tags: <a href=\"https:\/\/cortomaltese.com\/fr\/tag\/hugo-pratt\/\" rel=\"tag\">hugo pratt<\/a>, <a href=\"https:\/\/cortomaltese.com\/fr\/tag\/interview\/\" rel=\"tag\">interview<\/a>, <a href=\"https:\/\/cortomaltese.com\/fr\/tag\/thierry-thomas\/\" rel=\"tag\">Thierry Thomas<\/a><\/span><span class=\"fusion-inline-sep\">|<\/span><\/p><div class=\"fusion-content-sep sep-double sep-solid\"><\/div><div class=\"fusion-post-content-container\"><p> Thierry Thomas, vainqueur du prix Goncourt pour sa biographie<a href=\"https:\/\/cortomaltese.com\/fr\/interview-avec-thierry-thomas\/\"> [...]<\/a><\/p><\/div><\/div><div class=\"fusion-meta-info\"><div class=\"fusion-alignleft\"><a class=\"fusion-read-more\" href=\"https:\/\/cortomaltese.com\/fr\/interview-avec-thierry-thomas\/\" aria-label=\"More on Interview avec Thierry Thomas: Hugo Pratt, ce qu&#8217;il a laiss\u00e9 en moi est comme le sillage d\u2019une musique\">Read More<\/a><\/div><div class=\"fusion-alignright\"><a href=\"https:\/\/cortomaltese.com\/fr\/interview-avec-thierry-thomas\/#respond\"><i class=\"awb-icon-bubbles\" aria-hidden=\"true\"><\/i>&nbsp;0<\/a><\/div><\/div><\/div><div class=\"fusion-clearfix\"><\/div><\/div>\n<\/article>\n<article id=\"blog-1-post-14974\" class=\"fusion-post-grid post-14974 post type-post status-publish format-standard has-post-thumbnail hentry category-journal tag-grasset tag-prix-goncourt tag-thierry-thomas tag-trait-pour-trait\">\n<div class=\"fusion-post-wrapper\" style=\"background-color:rgba(255,255,255,0);border:1px solid #ebeaea;border-bottom-width:3px;\">\n\n\t\t\t<div class=\"fusion-flexslider flexslider fusion-flexslider-loading fusion-post-slideshow\" style=\"border-color:#ebeaea;\">\n\t\t<ul class=\"slides\">\n\t\t\t\n\t\t\t\t\t\t\t\t\t\t\t\t\t\t<li><div  class=\"fusion-image-wrapper\" aria-haspopup=\"true\">\n\t\t\t\t<img decoding=\"async\" width=\"385\" height=\"592\" src=\"https:\/\/cortomaltese.com\/fr\/wp-content\/uploads\/sites\/3\/9782246863595.jpg\" class=\"attachment-full size-full wp-post-image\" alt=\"\" srcset=\"https:\/\/cortomaltese.com\/fr\/wp-content\/uploads\/sites\/3\/9782246863595-200x308.jpg 200w, https:\/\/cortomaltese.com\/fr\/wp-content\/uploads\/sites\/3\/9782246863595.jpg 385w\" sizes=\"(min-width: 2200px) 100vw, (min-width: 824px) 340px, (min-width: 732px) 510px, (min-width: 640px) 732px, \" \/><div class=\"fusion-rollover\">\n\t<div class=\"fusion-rollover-content\">\n\n\t\t\t\t\t\t\t\t\t\t\t\t\t\t<a class=\"fusion-rollover-link\" href=\"https:\/\/cortomaltese.com\/fr\/prix-goncourt-de-la-biographie-a-thierry-thomas\/\">Le Prix Goncourt de la biographie a \u00e9t\u00e9 attribu\u00e9 \u00e0 Thierry Thomas pour &#8220;Hugo Pratt, trait pour trait&#8221;.<\/a>\n\t\t\t\n\t\t\t\t\t\t\t\t\n\t\t\n\t\t\t\t\t\t\t\t\t\t\t\t<h4 class=\"fusion-rollover-title\">\n\t\t\t\t\t<a class=\"fusion-rollover-title-link\" href=\"https:\/\/cortomaltese.com\/fr\/prix-goncourt-de-la-biographie-a-thierry-thomas\/\">\n\t\t\t\t\t\tLe Prix Goncourt de la biographie a \u00e9t\u00e9 attribu\u00e9 \u00e0 Thierry Thomas pour &#8220;Hugo Pratt, trait pour trait&#8221;.\t\t\t\t\t<\/a>\n\t\t\t\t<\/h4>\n\t\t\t\n\t\t\t\t\t\t\t\t\n\t\t\n\t\t\t\t\t\t<a class=\"fusion-link-wrapper\" href=\"https:\/\/cortomaltese.com\/fr\/prix-goncourt-de-la-biographie-a-thierry-thomas\/\" aria-label=\"Le Prix Goncourt de la biographie a \u00e9t\u00e9 attribu\u00e9 \u00e0 Thierry Thomas pour &#8220;Hugo Pratt, trait pour trait&#8221;.\"><\/a>\n\t<\/div>\n<\/div>\n<\/div>\n<\/li>\n\t\t\t\n\t\t\t\n\t\t\t\t\t\t\t\t\t\t\t\t\t\t\t\t\t\t\t\t\t\t\t\t\t\t\t\t\t\t\t\t\t\t\t\t\t\t\t\t\t\t\t\t\t\t\t\t\t\t\t\t\t\t\t\t\t\t\t\t\t\t\t\t\t\t\t\t<\/ul>\n\t<\/div>\n\t<div class=\"fusion-post-content-wrapper\" style=\"padding:30px 25px 20px 25px;\"><div class=\"fusion-post-content post-content\"><h2 class=\"blog-shortcode-post-title entry-title\"><a href=\"https:\/\/cortomaltese.com\/fr\/prix-goncourt-de-la-biographie-a-thierry-thomas\/\">Le Prix Goncourt de la biographie a \u00e9t\u00e9 attribu\u00e9 \u00e0 Thierry Thomas pour &#8220;Hugo Pratt, trait pour trait&#8221;.<\/a><\/h2><p class=\"fusion-single-line-meta\">By <span class=\"vcard\"><span class=\"fn\"><a href=\"https:\/\/cortomaltese.com\/fr\/author\/cortomaltese\/\" title=\"Articles par Corto Maltese\" rel=\"author\">Corto Maltese<\/a><\/span><\/span><span class=\"fusion-inline-sep\">|<\/span><span class=\"updated\" style=\"display:none;\">2020-05-12T12:00:25+02:00<\/span><span>12 mai, 2020<\/span><span class=\"fusion-inline-sep\">|<\/span>Categories: <a href=\"https:\/\/cortomaltese.com\/fr\/category\/journal\/\" rel=\"category tag\">Journal<\/a><span class=\"fusion-inline-sep\">|<\/span><span class=\"meta-tags\">Tags: <a href=\"https:\/\/cortomaltese.com\/fr\/tag\/grasset\/\" rel=\"tag\">Grasset<\/a>, <a href=\"https:\/\/cortomaltese.com\/fr\/tag\/prix-goncourt\/\" rel=\"tag\">Prix Goncourt<\/a>, <a href=\"https:\/\/cortomaltese.com\/fr\/tag\/thierry-thomas\/\" rel=\"tag\">Thierry Thomas<\/a>, <a href=\"https:\/\/cortomaltese.com\/fr\/tag\/trait-pour-trait\/\" rel=\"tag\">trait pour trait<\/a><\/span><span class=\"fusion-inline-sep\">|<\/span><\/p><div class=\"fusion-content-sep sep-double sep-solid\"><\/div><div class=\"fusion-post-content-container\"><p> Pour le Prix Goncourt de la biographie Edmonde Charles-Roux,\u00a0le<a href=\"https:\/\/cortomaltese.com\/fr\/prix-goncourt-de-la-biographie-a-thierry-thomas\/\"> [...]<\/a><\/p><\/div><\/div><div class=\"fusion-meta-info\"><div class=\"fusion-alignleft\"><a class=\"fusion-read-more\" href=\"https:\/\/cortomaltese.com\/fr\/prix-goncourt-de-la-biographie-a-thierry-thomas\/\" aria-label=\"More on Le Prix Goncourt de la biographie a \u00e9t\u00e9 attribu\u00e9 \u00e0 Thierry Thomas pour &#8220;Hugo Pratt, trait pour trait&#8221;.\">Read More<\/a><\/div><div class=\"fusion-alignright\"><a href=\"https:\/\/cortomaltese.com\/fr\/prix-goncourt-de-la-biographie-a-thierry-thomas\/#comments\"><i class=\"awb-icon-bubbles\" aria-hidden=\"true\"><\/i>&nbsp;1<\/a><\/div><\/div><\/div><div class=\"fusion-clearfix\"><\/div><\/div>\n<\/article>\n<article id=\"blog-1-post-14962\" class=\"fusion-post-grid post-14962 post type-post status-publish format-video has-post-thumbnail hentry category-journal post_format-post-format-video\">\n<div class=\"fusion-post-wrapper\" style=\"background-color:rgba(255,255,255,0);border:1px solid #ebeaea;border-bottom-width:3px;\">\n\n\t\t\t<div class=\"fusion-flexslider flexslider fusion-flexslider-loading fusion-post-slideshow\" style=\"border-color:#ebeaea;\">\n\t\t<ul class=\"slides\">\n\t\t\t\n\t\t\t\t\t\t\t\t\t\t\t\t\t\t<li><div  class=\"fusion-image-wrapper\" aria-haspopup=\"true\">\n\t\t\t\t<img decoding=\"async\" width=\"1592\" height=\"812\" src=\"https:\/\/cortomaltese.com\/fr\/wp-content\/uploads\/sites\/3\/Corto-Fran\u00e7ois-Busnel-.png\" class=\"attachment-full size-full wp-post-image\" alt=\"\" srcset=\"https:\/\/cortomaltese.com\/fr\/wp-content\/uploads\/sites\/3\/Corto-Fran\u00e7ois-Busnel--200x102.png 200w, https:\/\/cortomaltese.com\/fr\/wp-content\/uploads\/sites\/3\/Corto-Fran\u00e7ois-Busnel--400x204.png 400w, https:\/\/cortomaltese.com\/fr\/wp-content\/uploads\/sites\/3\/Corto-Fran\u00e7ois-Busnel--600x306.png 600w, https:\/\/cortomaltese.com\/fr\/wp-content\/uploads\/sites\/3\/Corto-Fran\u00e7ois-Busnel--800x408.png 800w, https:\/\/cortomaltese.com\/fr\/wp-content\/uploads\/sites\/3\/Corto-Fran\u00e7ois-Busnel--1200x612.png 1200w, https:\/\/cortomaltese.com\/fr\/wp-content\/uploads\/sites\/3\/Corto-Fran\u00e7ois-Busnel-.png 1592w\" sizes=\"(min-width: 2200px) 100vw, (min-width: 824px) 340px, (min-width: 732px) 510px, (min-width: 640px) 732px, \" \/><div class=\"fusion-rollover\">\n\t<div class=\"fusion-rollover-content\">\n\n\t\t\t\t\t\t\t\t\t\t\t\t\t\t<a class=\"fusion-rollover-link\" href=\"https:\/\/cortomaltese.com\/fr\/francois-busnel-marche-dans-les-pas-de-corto-maltese\/\">Fran\u00e7ois Busnel marche dans les pas de Corto Maltese<\/a>\n\t\t\t\n\t\t\t\t\t\t\t\t\n\t\t\n\t\t\t\t\t\t\t\t\t\t\t\t<h4 class=\"fusion-rollover-title\">\n\t\t\t\t\t<a class=\"fusion-rollover-title-link\" href=\"https:\/\/cortomaltese.com\/fr\/francois-busnel-marche-dans-les-pas-de-corto-maltese\/\">\n\t\t\t\t\t\tFran\u00e7ois Busnel marche dans les pas de Corto Maltese\t\t\t\t\t<\/a>\n\t\t\t\t<\/h4>\n\t\t\t\n\t\t\t\t\t\t\t\t\n\t\t\n\t\t\t\t\t\t<a class=\"fusion-link-wrapper\" href=\"https:\/\/cortomaltese.com\/fr\/francois-busnel-marche-dans-les-pas-de-corto-maltese\/\" aria-label=\"Fran\u00e7ois Busnel marche dans les pas de Corto Maltese\"><\/a>\n\t<\/div>\n<\/div>\n<\/div>\n<\/li>\n\t\t\t\n\t\t\t\n\t\t\t\t\t\t\t\t\t\t\t\t\t\t\t\t\t\t\t\t\t\t\t\t\t\t\t\t\t\t\t\t\t\t\t\t\t\t\t\t\t\t\t\t\t\t\t\t\t\t\t\t\t\t\t\t\t\t\t\t\t\t\t\t\t\t\t\t<\/ul>\n\t<\/div>\n\t<div class=\"fusion-post-content-wrapper\" style=\"padding:30px 25px 20px 25px;\"><div class=\"fusion-post-content post-content\"><h2 class=\"blog-shortcode-post-title entry-title\"><a href=\"https:\/\/cortomaltese.com\/fr\/francois-busnel-marche-dans-les-pas-de-corto-maltese\/\">Fran\u00e7ois Busnel marche dans les pas de Corto Maltese<\/a><\/h2><p class=\"fusion-single-line-meta\">By <span class=\"vcard\"><span class=\"fn\"><a href=\"https:\/\/cortomaltese.com\/fr\/author\/cortomaltese\/\" title=\"Articles par Corto Maltese\" rel=\"author\">Corto Maltese<\/a><\/span><\/span><span class=\"fusion-inline-sep\">|<\/span><span class=\"updated\" style=\"display:none;\">2020-05-08T06:49:35+02:00<\/span><span>7 mai, 2020<\/span><span class=\"fusion-inline-sep\">|<\/span>Categories: <a href=\"https:\/\/cortomaltese.com\/fr\/category\/journal\/\" rel=\"category tag\">Journal<\/a><span class=\"fusion-inline-sep\">|<\/span><\/p><div class=\"fusion-content-sep sep-double sep-solid\"><\/div><div class=\"fusion-post-content-container\"><p> Fran\u00e7ois Busnel marche dans les pas d'un homme dont<a href=\"https:\/\/cortomaltese.com\/fr\/francois-busnel-marche-dans-les-pas-de-corto-maltese\/\"> [...]<\/a><\/p><\/div><\/div><div class=\"fusion-meta-info\"><div class=\"fusion-alignleft\"><a class=\"fusion-read-more\" href=\"https:\/\/cortomaltese.com\/fr\/francois-busnel-marche-dans-les-pas-de-corto-maltese\/\" aria-label=\"More on Fran\u00e7ois Busnel marche dans les pas de Corto Maltese\">Read More<\/a><\/div><div class=\"fusion-alignright\"><a href=\"https:\/\/cortomaltese.com\/fr\/francois-busnel-marche-dans-les-pas-de-corto-maltese\/#respond\"><i class=\"awb-icon-bubbles\" aria-hidden=\"true\"><\/i>&nbsp;0<\/a><\/div><\/div><\/div><div class=\"fusion-clearfix\"><\/div><\/div>\n<\/article>\n<div class=\"fusion-clearfix\"><\/div><\/div><\/div><div class=\"fusion-clearfix\"><\/div><\/div><\/div><\/div><\/div>\n","protected":false},"excerpt":{"rendered":"","protected":false},"author":1,"featured_media":0,"parent":0,"menu_order":0,"comment_status":"closed","ping_status":"closed","template":"","meta":{"footnotes":""},"class_list":["post-14961","page","type-page","status-publish","hentry"],"yoast_head":"<!-- This site is optimized with the Yoast SEO plugin v26.5 - https:\/\/yoast.com\/wordpress\/plugins\/seo\/ -->\n<title>Journal de bord - cortomaltese fran\u00e7ais<\/title>\n<meta name=\"robots\" content=\"index, follow, max-snippet:-1, max-image-preview:large, max-video-preview:-1\" \/>\n<link rel=\"canonical\" href=\"https:\/\/cortomaltese.com\/fr\/journal-de-bord\/\" \/>\n<meta property=\"og:locale\" content=\"fr_FR\" \/>\n<meta property=\"og:type\" content=\"article\" \/>\n<meta property=\"og:title\" content=\"Journal de bord - cortomaltese fran\u00e7ais\" \/>\n<meta property=\"og:url\" content=\"https:\/\/cortomaltese.com\/fr\/journal-de-bord\/\" \/>\n<meta property=\"og:site_name\" content=\"cortomaltese fran\u00e7ais\" \/>\n<meta property=\"article:modified_time\" content=\"2020-05-08T06:04:11+00:00\" \/>\n<meta name=\"twitter:card\" content=\"summary_large_image\" \/>\n<meta name=\"twitter:label1\" content=\"Dur\u00e9e de lecture estim\u00e9e\" \/>\n\t<meta name=\"twitter:data1\" content=\"2 minutes\" \/>\n<script type=\"application\/ld+json\" class=\"yoast-schema-graph\">{\"@context\":\"https:\/\/schema.org\",\"@graph\":[{\"@type\":\"WebPage\",\"@id\":\"https:\/\/cortomaltese.com\/fr\/journal-de-bord\/\",\"url\":\"https:\/\/cortomaltese.com\/fr\/journal-de-bord\/\",\"name\":\"Journal de bord - cortomaltese fran\u00e7ais\",\"isPartOf\":{\"@id\":\"https:\/\/cortomaltese.com\/fr\/#website\"},\"datePublished\":\"2020-05-07T14:11:12+00:00\",\"dateModified\":\"2020-05-08T06:04:11+00:00\",\"breadcrumb\":{\"@id\":\"https:\/\/cortomaltese.com\/fr\/journal-de-bord\/#breadcrumb\"},\"inLanguage\":\"fr-FR\",\"potentialAction\":[{\"@type\":\"ReadAction\",\"target\":[\"https:\/\/cortomaltese.com\/fr\/journal-de-bord\/\"]}]},{\"@type\":\"BreadcrumbList\",\"@id\":\"https:\/\/cortomaltese.com\/fr\/journal-de-bord\/#breadcrumb\",\"itemListElement\":[{\"@type\":\"ListItem\",\"position\":1,\"name\":\"Accueil\",\"item\":\"https:\/\/cortomaltese.com\/fr\/\"},{\"@type\":\"ListItem\",\"position\":2,\"name\":\"Journal de bord\"}]},{\"@type\":\"WebSite\",\"@id\":\"https:\/\/cortomaltese.com\/fr\/#website\",\"url\":\"https:\/\/cortomaltese.com\/fr\/\",\"name\":\"cortomaltese fran\u00e7ais\",\"description\":\"Il sito ufficiale\",\"potentialAction\":[{\"@type\":\"SearchAction\",\"target\":{\"@type\":\"EntryPoint\",\"urlTemplate\":\"https:\/\/cortomaltese.com\/fr\/?s={search_term_string}\"},\"query-input\":{\"@type\":\"PropertyValueSpecification\",\"valueRequired\":true,\"valueName\":\"search_term_string\"}}],\"inLanguage\":\"fr-FR\"}]}<\/script>\n<!-- \/ Yoast SEO plugin. -->","yoast_head_json":{"title":"Journal de bord - cortomaltese fran\u00e7ais","robots":{"index":"index","follow":"follow","max-snippet":"max-snippet:-1","max-image-preview":"max-image-preview:large","max-video-preview":"max-video-preview:-1"},"canonical":"https:\/\/cortomaltese.com\/fr\/journal-de-bord\/","og_locale":"fr_FR","og_type":"article","og_title":"Journal de bord - cortomaltese fran\u00e7ais","og_url":"https:\/\/cortomaltese.com\/fr\/journal-de-bord\/","og_site_name":"cortomaltese fran\u00e7ais","article_modified_time":"2020-05-08T06:04:11+00:00","twitter_card":"summary_large_image","twitter_misc":{"Dur\u00e9e de lecture estim\u00e9e":"2 minutes"},"schema":{"@context":"https:\/\/schema.org","@graph":[{"@type":"WebPage","@id":"https:\/\/cortomaltese.com\/fr\/journal-de-bord\/","url":"https:\/\/cortomaltese.com\/fr\/journal-de-bord\/","name":"Journal de bord - cortomaltese fran\u00e7ais","isPartOf":{"@id":"https:\/\/cortomaltese.com\/fr\/#website"},"datePublished":"2020-05-07T14:11:12+00:00","dateModified":"2020-05-08T06:04:11+00:00","breadcrumb":{"@id":"https:\/\/cortomaltese.com\/fr\/journal-de-bord\/#breadcrumb"},"inLanguage":"fr-FR","potentialAction":[{"@type":"ReadAction","target":["https:\/\/cortomaltese.com\/fr\/journal-de-bord\/"]}]},{"@type":"BreadcrumbList","@id":"https:\/\/cortomaltese.com\/fr\/journal-de-bord\/#breadcrumb","itemListElement":[{"@type":"ListItem","position":1,"name":"Accueil","item":"https:\/\/cortomaltese.com\/fr\/"},{"@type":"ListItem","position":2,"name":"Journal de bord"}]},{"@type":"WebSite","@id":"https:\/\/cortomaltese.com\/fr\/#website","url":"https:\/\/cortomaltese.com\/fr\/","name":"cortomaltese fran\u00e7ais","description":"Il sito ufficiale","potentialAction":[{"@type":"SearchAction","target":{"@type":"EntryPoint","urlTemplate":"https:\/\/cortomaltese.com\/fr\/?s={search_term_string}"},"query-input":{"@type":"PropertyValueSpecification","valueRequired":true,"valueName":"search_term_string"}}],"inLanguage":"fr-FR"}]}},"_links":{"self":[{"href":"https:\/\/cortomaltese.com\/fr\/wp-json\/wp\/v2\/pages\/14961","targetHints":{"allow":["GET"]}}],"collection":[{"href":"https:\/\/cortomaltese.com\/fr\/wp-json\/wp\/v2\/pages"}],"about":[{"href":"https:\/\/cortomaltese.com\/fr\/wp-json\/wp\/v2\/types\/page"}],"author":[{"embeddable":true,"href":"https:\/\/cortomaltese.com\/fr\/wp-json\/wp\/v2\/users\/1"}],"replies":[{"embeddable":true,"href":"https:\/\/cortomaltese.com\/fr\/wp-json\/wp\/v2\/comments?post=14961"}],"version-history":[{"count":0,"href":"https:\/\/cortomaltese.com\/fr\/wp-json\/wp\/v2\/pages\/14961\/revisions"}],"wp:attachment":[{"href":"https:\/\/cortomaltese.com\/fr\/wp-json\/wp\/v2\/media?parent=14961"}],"curies":[{"name":"wp","href":"https:\/\/api.w.org\/{rel}","templated":true}]}}