{"id":12286,"date":"2015-12-16T11:21:52","date_gmt":"2015-12-16T10:21:52","guid":{"rendered":"https:\/\/cortomaltese.com\/fr\/?page_id=12286"},"modified":"2023-08-14T16:02:44","modified_gmt":"2023-08-14T14:02:44","slug":"contacts","status":"publish","type":"page","link":"https:\/\/cortomaltese.com\/fr\/contacts\/","title":{"rendered":"Contacts"},"content":{"rendered":"<div class=\"fusion-fullwidth fullwidth-box fusion-builder-row-1 nonhundred-percent-fullwidth non-hundred-percent-height-scrolling\" style=\"--awb-background-position:left top;--awb-border-sizes-top:0px;--awb-border-sizes-bottom:0px;--awb-border-sizes-left:0px;--awb-border-sizes-right:0px;--awb-border-radius-top-left:0px;--awb-border-radius-top-right:0px;--awb-border-radius-bottom-right:0px;--awb-border-radius-bottom-left:0px;--awb-padding-top:20px;--awb-padding-bottom:20px;--awb-flex-wrap:wrap;\" ><div class=\"fusion-builder-row fusion-row\"><div class=\"fusion-layout-column fusion_builder_column fusion-builder-column-0 fusion_builder_column_1_1 1_1 fusion-one-full fusion-column-first fusion-column-last fusion-column-no-min-height\" style=\"--awb-bg-size:cover;--awb-margin-bottom:0px;\"><div class=\"fusion-column-wrapper fusion-flex-column-wrapper-legacy\"><div class=\"fusion-text fusion-text-1\"><h2><strong>Le 24 avril 1987, Pratt c\u00e8de \u00e0 CONG SA la propri\u00e9t\u00e9 et l\u2019exclusivit\u00e9 de l\u2019exercice des droits d\u2019auteur sur toute sa production, pass\u00e9e et future. Pratt souhaite que tout soit \u00e0 l\u2019int\u00e9rieur de sa soci\u00e9t\u00e9 CONG et ce, pour toute la dur\u00e9e du droit d\u2019auteur.<\/strong><\/h2>\n<\/div><div class=\"fusion-sep-clear\"><\/div><div class=\"fusion-separator fusion-full-width-sep\" style=\"margin-left: auto;margin-right: auto;margin-top:10px;margin-bottom:10px;width:100%;\"><\/div><div class=\"fusion-sep-clear\"><\/div><div class=\"fusion-clearfix\"><\/div><\/div><\/div><div class=\"fusion-layout-column fusion_builder_column fusion-builder-column-1 fusion_builder_column_1_2 1_2 fusion-one-half fusion-column-first\" style=\"--awb-bg-size:cover;width:48%; margin-right: 4%;\"><div class=\"fusion-column-wrapper fusion-flex-column-wrapper-legacy\"><div class=\"fusion-text fusion-text-2\"><p>Pratt nous a quitt\u00e9s le 20 ao\u00fbt 1995, mais le core business de la Soci\u00e9t\u00e9 est toujours rest\u00e9 le m\u00eame: alimenter les initiatives visant \u00e0 diffuser la \u201cMarque\u201d <strong>Corto Maltese<\/strong>, la tr\u00e8s haute valeur artistique de toute l\u2019\u0153uvre d\u2019Hugo Pratt et la signification profonde que le personnage de Corto Maltese a toujours repr\u00e9sent\u00e9 pour les cohortes de passionn\u00e9s, de voyageurs, d\u2019\u00e9crivains de photographes, d\u2019artistes ou pour les &#8220;simples&#8221; r\u00eaveurs.\u2028 Les bureaux de la Soci\u00e9t\u00e9 CONG se trouvent pr\u00e9cis\u00e9ment \u00e0 Grandvaux, petit village au c\u0153ur des vignes qui dominent le Lac L\u00e9man, en Suisse, \u00e0 quelques virages du dernier domicile choisi par Hugo Pratt.<\/p>\n<p>Il y a aussi \u00e0 Grandvaux la statue de Corto Maltese, r\u00e9alis\u00e9e par un grand ami de Pratt, Livio Benedetti.\u2028 Corto regarde vers l\u2019avant, comme il l\u2019a toujours fait, son caban flotte au vent, mais son regard est Ailleurs. Il semble sourire au temps qui passe. Lui, l\u2019imp\u00e9rissable anti-h\u00e9ros de l\u2019aventure authentique, celle du Voyage.<\/p>\n<\/div><div class=\"fusion-clearfix\"><\/div><\/div><\/div><div class=\"fusion-layout-column fusion_builder_column fusion-builder-column-2 fusion_builder_column_1_2 1_2 fusion-one-half fusion-column-last\" style=\"--awb-bg-size:cover;width:48%;\"><div class=\"fusion-column-wrapper fusion-flex-column-wrapper-legacy\"><div class=\"fusion-image-element in-legacy-container\" style=\"--awb-caption-title-font-family:var(--h2_typography-font-family);--awb-caption-title-font-weight:var(--h2_typography-font-weight);--awb-caption-title-font-style:var(--h2_typography-font-style);--awb-caption-title-size:var(--h2_typography-font-size);--awb-caption-title-transform:var(--h2_typography-text-transform);--awb-caption-title-line-height:var(--h2_typography-line-height);--awb-caption-title-letter-spacing:var(--h2_typography-letter-spacing);\"><span class=\" fusion-imageframe imageframe-none imageframe-1 hover-type-none\" style=\"border:10px solid #f6f6f6;\"><img decoding=\"async\" src=\"https:\/\/cortomaltese.com\/wp-content\/uploads\/sites\/3\/Corto-Maltese-contatti.jpg\" alt class=\"img-responsive\"\/><\/span><\/div><div class=\"fusion-clearfix\"><\/div><\/div><\/div><div class=\"fusion-layout-column fusion_builder_column fusion-builder-column-3 fusion_builder_column_1_1 1_1 fusion-one-full fusion-column-first fusion-column-last fusion-column-no-min-height\" style=\"--awb-bg-size:cover;--awb-margin-bottom:0px;\"><div class=\"fusion-column-wrapper fusion-flex-column-wrapper-legacy\"><div class=\"fusion-sep-clear\"><\/div><div class=\"fusion-separator fusion-full-width-sep\" style=\"margin-left: auto;margin-right: auto;margin-top:20px;margin-bottom:20px;width:100%;\"><\/div><div class=\"fusion-sep-clear\"><\/div><div class=\"fusion-clearfix\"><\/div><\/div><\/div><div class=\"fusion-layout-column fusion_builder_column fusion-builder-column-4 fusion_builder_column_1_1 1_1 fusion-one-full fusion-column-first fusion-column-last fusion-column-no-min-height\" style=\"--awb-bg-size:cover;--awb-margin-bottom:0px;\"><div class=\"fusion-column-wrapper fusion-flex-column-wrapper-legacy\"><div class=\"fusion-section-separator section-separator triangle fusion-section-separator-1\" style=\"--awb-border-bottom:4px solid #e10707;--awb-spacer-height:4px;--awb-svg-margin-left:0;--awb-svg-margin-right:0;--awb-icon-color:#ffffff;--awb-icon-top:auto;--awb-icon-bottom:-14px;\"><div class=\"fusion-section-separator-svg\"><div class=\"divider-candy-arrow bottom\" style=\"top:4px;border-top-color: #e10707;\"><\/div><div class=\"divider-candy bottom\" style=\"bottom:-24px;border-bottom:1px solid #e10707;border-left:1px solid #e10707;\"><\/div><\/div><div class=\"fusion-section-separator-spacer\"><div class=\"fusion-section-separator-spacer-height\"><\/div><\/div><\/div><div class=\"fusion-sep-clear\"><\/div><div class=\"fusion-separator fusion-full-width-sep\" style=\"margin-left: auto;margin-right: auto;margin-top:20px;margin-bottom:20px;width:100%;\"><\/div><div class=\"fusion-sep-clear\"><\/div><div class=\"fusion-clearfix\"><\/div><\/div><\/div><div class=\"fusion-layout-column fusion_builder_column fusion-builder-column-5 fusion_builder_column_1_2 1_2 fusion-one-half fusion-column-first\" style=\"--awb-bg-size:cover;width:48%; margin-right: 4%;\"><div class=\"fusion-column-wrapper fusion-flex-column-wrapper-legacy\"><iframe width=\"100%\" height=\"350\" frameborder=\"0\" scrolling=\"no\" marginheight=\"0\" marginwidth=\"0\" src=\"https:\/\/www.openstreetmap.org\/export\/embed.html?bbox=6.710039377212524%2C46.48962500878363%2C6.7218947410583505%2C46.497299199269605&layer=transportmap&marker=46.49346223939064%2C6.715967059135437\"><\/iframe><div class=\"fusion-clearfix\"><\/div><\/div><\/div><div class=\"fusion-layout-column fusion_builder_column fusion-builder-column-6 fusion_builder_column_1_2 1_2 fusion-one-half fusion-column-last\" style=\"--awb-bg-size:cover;width:48%;\"><div class=\"fusion-column-wrapper fusion-flex-column-wrapper-legacy\"><div class=\"fusion-text fusion-text-3\"><h3><strong>CONG SA<\/strong><\/h3>\n<p>Grand Rue 1<br \/>\n1091 Grandvaux, Suisse<\/p>\n<p>site web:\u00a0<span style=\"text-decoration: underline;\"><span style=\"color: #ff0000;\"><a style=\"color: #ff0000; text-decoration: underline;\" href=\"http:\/\/cong-pratt.com\" target=\"_blank\" rel=\"noopener noreferrer\">cong-pratt.com<\/a><\/span><\/span><\/p>\n<p>Pour toute information ou demande, merci de bien vouloir contacter la St\u00e9 CONG au moyen des adresses disponibles sur le site.<\/p>\n<\/div><div class=\"fusion-clearfix\"><\/div><\/div><\/div><\/div><\/div>\n","protected":false},"excerpt":{"rendered":"","protected":false},"author":1,"featured_media":0,"parent":0,"menu_order":0,"comment_status":"closed","ping_status":"closed","template":"","meta":{"footnotes":""},"class_list":["post-12286","page","type-page","status-publish","hentry"],"yoast_head":"<!-- This site is optimized with the Yoast SEO plugin v26.5 - https:\/\/yoast.com\/wordpress\/plugins\/seo\/ -->\n<title>Contacts | Corto Maltese<\/title>\n<meta name=\"description\" content=\"La page contacts du site officiel de Corto Maltese est g\u00e9r\u00e9e par Cong SA qui a l\u2019exclusivit\u00e9 sur toutes les \u0153uvres d\u2019Hugo Pratt, pass\u00e9es et futures.\" \/>\n<meta name=\"robots\" content=\"index, follow, max-snippet:-1, max-image-preview:large, max-video-preview:-1\" \/>\n<link rel=\"canonical\" href=\"https:\/\/cortomaltese.com\/fr\/contacts\/\" \/>\n<meta property=\"og:locale\" content=\"fr_FR\" \/>\n<meta property=\"og:type\" content=\"article\" \/>\n<meta property=\"og:title\" content=\"Contacts | Corto Maltese\" \/>\n<meta property=\"og:description\" content=\"La page contacts du site officiel de Corto Maltese est g\u00e9r\u00e9e par Cong SA qui a l\u2019exclusivit\u00e9 sur toutes les \u0153uvres d\u2019Hugo Pratt, pass\u00e9es et futures.\" \/>\n<meta property=\"og:url\" content=\"https:\/\/cortomaltese.com\/fr\/contacts\/\" \/>\n<meta property=\"og:site_name\" content=\"cortomaltese fran\u00e7ais\" \/>\n<meta property=\"article:modified_time\" content=\"2023-08-14T14:02:44+00:00\" \/>\n<meta property=\"og:image\" content=\"https:\/\/cortomaltese.com\/wp-content\/uploads\/sites\/3\/Corto-Maltese-contatti.jpg\" \/>\n<meta name=\"twitter:card\" content=\"summary_large_image\" \/>\n<meta name=\"twitter:label1\" content=\"Dur\u00e9e de lecture estim\u00e9e\" \/>\n\t<meta name=\"twitter:data1\" content=\"3 minutes\" \/>\n<script type=\"application\/ld+json\" class=\"yoast-schema-graph\">{\"@context\":\"https:\/\/schema.org\",\"@graph\":[{\"@type\":\"WebPage\",\"@id\":\"https:\/\/cortomaltese.com\/fr\/contacts\/\",\"url\":\"https:\/\/cortomaltese.com\/fr\/contacts\/\",\"name\":\"Contacts | Corto Maltese\",\"isPartOf\":{\"@id\":\"https:\/\/cortomaltese.com\/fr\/#website\"},\"primaryImageOfPage\":{\"@id\":\"https:\/\/cortomaltese.com\/fr\/contacts\/#primaryimage\"},\"image\":{\"@id\":\"https:\/\/cortomaltese.com\/fr\/contacts\/#primaryimage\"},\"thumbnailUrl\":\"https:\/\/cortomaltese.com\/wp-content\/uploads\/sites\/3\/Corto-Maltese-contatti.jpg\",\"datePublished\":\"2015-12-16T10:21:52+00:00\",\"dateModified\":\"2023-08-14T14:02:44+00:00\",\"description\":\"La page contacts du site officiel de Corto Maltese est g\u00e9r\u00e9e par Cong SA qui a l\u2019exclusivit\u00e9 sur toutes les \u0153uvres d\u2019Hugo Pratt, pass\u00e9es et futures.\",\"breadcrumb\":{\"@id\":\"https:\/\/cortomaltese.com\/fr\/contacts\/#breadcrumb\"},\"inLanguage\":\"fr-FR\",\"potentialAction\":[{\"@type\":\"ReadAction\",\"target\":[\"https:\/\/cortomaltese.com\/fr\/contacts\/\"]}]},{\"@type\":\"ImageObject\",\"inLanguage\":\"fr-FR\",\"@id\":\"https:\/\/cortomaltese.com\/fr\/contacts\/#primaryimage\",\"url\":\"https:\/\/cortomaltese.com\/wp-content\/uploads\/sites\/3\/Corto-Maltese-contatti.jpg\",\"contentUrl\":\"https:\/\/cortomaltese.com\/wp-content\/uploads\/sites\/3\/Corto-Maltese-contatti.jpg\"},{\"@type\":\"BreadcrumbList\",\"@id\":\"https:\/\/cortomaltese.com\/fr\/contacts\/#breadcrumb\",\"itemListElement\":[{\"@type\":\"ListItem\",\"position\":1,\"name\":\"Accueil\",\"item\":\"https:\/\/cortomaltese.com\/fr\/\"},{\"@type\":\"ListItem\",\"position\":2,\"name\":\"Contacts\"}]},{\"@type\":\"WebSite\",\"@id\":\"https:\/\/cortomaltese.com\/fr\/#website\",\"url\":\"https:\/\/cortomaltese.com\/fr\/\",\"name\":\"cortomaltese fran\u00e7ais\",\"description\":\"Il sito ufficiale\",\"potentialAction\":[{\"@type\":\"SearchAction\",\"target\":{\"@type\":\"EntryPoint\",\"urlTemplate\":\"https:\/\/cortomaltese.com\/fr\/?s={search_term_string}\"},\"query-input\":{\"@type\":\"PropertyValueSpecification\",\"valueRequired\":true,\"valueName\":\"search_term_string\"}}],\"inLanguage\":\"fr-FR\"}]}<\/script>\n<!-- \/ Yoast SEO plugin. -->","yoast_head_json":{"title":"Contacts | Corto Maltese","description":"La page contacts du site officiel de Corto Maltese est g\u00e9r\u00e9e par Cong SA qui a l\u2019exclusivit\u00e9 sur toutes les \u0153uvres d\u2019Hugo Pratt, pass\u00e9es et futures.","robots":{"index":"index","follow":"follow","max-snippet":"max-snippet:-1","max-image-preview":"max-image-preview:large","max-video-preview":"max-video-preview:-1"},"canonical":"https:\/\/cortomaltese.com\/fr\/contacts\/","og_locale":"fr_FR","og_type":"article","og_title":"Contacts | Corto Maltese","og_description":"La page contacts du site officiel de Corto Maltese est g\u00e9r\u00e9e par Cong SA qui a l\u2019exclusivit\u00e9 sur toutes les \u0153uvres d\u2019Hugo Pratt, pass\u00e9es et futures.","og_url":"https:\/\/cortomaltese.com\/fr\/contacts\/","og_site_name":"cortomaltese fran\u00e7ais","article_modified_time":"2023-08-14T14:02:44+00:00","og_image":[{"url":"https:\/\/cortomaltese.com\/wp-content\/uploads\/sites\/3\/Corto-Maltese-contatti.jpg","type":"","width":"","height":""}],"twitter_card":"summary_large_image","twitter_misc":{"Dur\u00e9e de lecture estim\u00e9e":"3 minutes"},"schema":{"@context":"https:\/\/schema.org","@graph":[{"@type":"WebPage","@id":"https:\/\/cortomaltese.com\/fr\/contacts\/","url":"https:\/\/cortomaltese.com\/fr\/contacts\/","name":"Contacts | Corto Maltese","isPartOf":{"@id":"https:\/\/cortomaltese.com\/fr\/#website"},"primaryImageOfPage":{"@id":"https:\/\/cortomaltese.com\/fr\/contacts\/#primaryimage"},"image":{"@id":"https:\/\/cortomaltese.com\/fr\/contacts\/#primaryimage"},"thumbnailUrl":"https:\/\/cortomaltese.com\/wp-content\/uploads\/sites\/3\/Corto-Maltese-contatti.jpg","datePublished":"2015-12-16T10:21:52+00:00","dateModified":"2023-08-14T14:02:44+00:00","description":"La page contacts du site officiel de Corto Maltese est g\u00e9r\u00e9e par Cong SA qui a l\u2019exclusivit\u00e9 sur toutes les \u0153uvres d\u2019Hugo Pratt, pass\u00e9es et futures.","breadcrumb":{"@id":"https:\/\/cortomaltese.com\/fr\/contacts\/#breadcrumb"},"inLanguage":"fr-FR","potentialAction":[{"@type":"ReadAction","target":["https:\/\/cortomaltese.com\/fr\/contacts\/"]}]},{"@type":"ImageObject","inLanguage":"fr-FR","@id":"https:\/\/cortomaltese.com\/fr\/contacts\/#primaryimage","url":"https:\/\/cortomaltese.com\/wp-content\/uploads\/sites\/3\/Corto-Maltese-contatti.jpg","contentUrl":"https:\/\/cortomaltese.com\/wp-content\/uploads\/sites\/3\/Corto-Maltese-contatti.jpg"},{"@type":"BreadcrumbList","@id":"https:\/\/cortomaltese.com\/fr\/contacts\/#breadcrumb","itemListElement":[{"@type":"ListItem","position":1,"name":"Accueil","item":"https:\/\/cortomaltese.com\/fr\/"},{"@type":"ListItem","position":2,"name":"Contacts"}]},{"@type":"WebSite","@id":"https:\/\/cortomaltese.com\/fr\/#website","url":"https:\/\/cortomaltese.com\/fr\/","name":"cortomaltese fran\u00e7ais","description":"Il sito ufficiale","potentialAction":[{"@type":"SearchAction","target":{"@type":"EntryPoint","urlTemplate":"https:\/\/cortomaltese.com\/fr\/?s={search_term_string}"},"query-input":{"@type":"PropertyValueSpecification","valueRequired":true,"valueName":"search_term_string"}}],"inLanguage":"fr-FR"}]}},"_links":{"self":[{"href":"https:\/\/cortomaltese.com\/fr\/wp-json\/wp\/v2\/pages\/12286","targetHints":{"allow":["GET"]}}],"collection":[{"href":"https:\/\/cortomaltese.com\/fr\/wp-json\/wp\/v2\/pages"}],"about":[{"href":"https:\/\/cortomaltese.com\/fr\/wp-json\/wp\/v2\/types\/page"}],"author":[{"embeddable":true,"href":"https:\/\/cortomaltese.com\/fr\/wp-json\/wp\/v2\/users\/1"}],"replies":[{"embeddable":true,"href":"https:\/\/cortomaltese.com\/fr\/wp-json\/wp\/v2\/comments?post=12286"}],"version-history":[{"count":0,"href":"https:\/\/cortomaltese.com\/fr\/wp-json\/wp\/v2\/pages\/12286\/revisions"}],"wp:attachment":[{"href":"https:\/\/cortomaltese.com\/fr\/wp-json\/wp\/v2\/media?parent=12286"}],"curies":[{"name":"wp","href":"https:\/\/api.w.org\/{rel}","templated":true}]}}