{"id":861,"date":"2016-04-16T03:03:03","date_gmt":"2016-04-16T02:03:03","guid":{"rendered":"http:\/\/localhost:8888\/?page_id=861"},"modified":"2017-01-27T11:51:55","modified_gmt":"2017-01-27T10:51:55","slug":"exencion-de-responsabilidad","status":"publish","type":"page","link":"https:\/\/cortomaltese.com\/es\/exencion-de-responsabilidad\/","title":{"rendered":"Exenci\u00f3n de Responsabilidad"},"content":{"rendered":"<div class=\"fusion-fullwidth fullwidth-box fusion-builder-row-1 nonhundred-percent-fullwidth non-hundred-percent-height-scrolling\" style=\"--awb-background-position:left top;--awb-border-radius-top-left:0px;--awb-border-radius-top-right:0px;--awb-border-radius-bottom-right:0px;--awb-border-radius-bottom-left:0px;--awb-padding-top:20px;--awb-padding-bottom:20px;--awb-border-sizes-top:0px;--awb-border-sizes-bottom:0px;--awb-flex-wrap:wrap;\" ><div class=\"fusion-builder-row fusion-row\"><div class=\"fusion-layout-column fusion_builder_column fusion-builder-column-0 fusion_builder_column_1_1 1_1 fusion-one-full fusion-column-first fusion-column-last fusion-column-no-min-height\" style=\"--awb-bg-size:cover;--awb-margin-bottom:0px;\"><div class=\"fusion-column-wrapper fusion-flex-column-wrapper-legacy\"><div class=\"fusion-title title fusion-title-1 fusion-sep-none fusion-title-text fusion-title-size-one\"><h1 class=\"fusion-title-heading title-heading-left fusion-responsive-typography-calculated\" style=\"margin:0;--fontSize:36;line-height:1.33;\">Exenci\u00f3n de Responsabilidad<\/h1><\/div><div class=\"fusion-sep-clear\"><\/div><div class=\"fusion-separator fusion-clearfix\" style=\"float:left;margin-top:0px;margin-bottom:30px;width:100%;max-width:40%;\"><div class=\"fusion-separator-border sep-single sep-solid\" style=\"--awb-height:20px;--awb-amount:20px;--awb-sep-color:#dd3333;border-color:#dd3333;border-top-width:4px;\"><\/div><\/div><div class=\"fusion-sep-clear\"><\/div><div class=\"fusion-text fusion-text-1\"><p>El acceso, la consulta y el uso de las p\u00e1ginas de este sitio web www.cortomaltese.com (en adelante \u00abCorto Maltese\u00bb) supone la aceptaci\u00f3n por parte del usuario, del contenido de la presente exenci\u00f3n de responsabilidad.<\/p>\n<p>Los contenidos del presente sitio \u2014incluidos datos, noticias, informaci\u00f3n, im\u00e1genes, gr\u00e1ficos, dibujos, marcas comerciales y nombres de dominio\u2014 son propiedad de CONG S.A. La informaci\u00f3n contenida en este sitio procede de fuentes internas siempre que no se indique lo contrario. CONG S.A. se reserva el derecho de modificar, en cualquier momento y a discreci\u00f3n propia, los contenidos y la modalidad funcional y operacional del sitio sin previo aviso.<br \/>\nCONG S.A. permite adem\u00e1s la reproducci\u00f3n, distribuci\u00f3n y comunicaci\u00f3n p\u00fablica de los contenidos de este sitio web siempre y cuando la paternidad de la obra se atribuya mediante la menci\u00f3n espec\u00edfica de CONG S.A. como autor e incluyendo el enlace directo a la p\u00e1gina del contenido original.<\/p>\n<p>CONG S.A. vela por que la informaci\u00f3n contenida en este sitio responda a los requisitos que garanticen su fiabilidad, validez, exactitud, exhaustividad y actualidad, y esto \u00fanicamente con fines informativos. En cualquier caso CONG S.A. declina toda y cualquier responsabilidad por posibles errores, inexactitudes, deficiencias y omisiones que puedan hallarse en los contenidos publicados, ya procedan de errores materiales o erratas de impresi\u00f3n, cargos por datos, formateo o escaneo. Las mismas consideraciones se aplican igualmente a contenidos acogidos en el sitio producidos por terceros con quienes CONG S.A. coopera.<\/p>\n<p>CONG S.A. no es en modo alguno responsable del contenido de cualquier otro sitio web a trav\u00e9s del cual \u2014mediante un hiperenlace\u2014 el usuario haya llegado a este sitio ni del de los sitios web accesibles \u2014mediante hiperenlaces\u2014 a partir de este sitio, ni por cualesquiera posibles p\u00e9rdidas o da\u00f1os sufridos por el usuario por cualquier motivo resultante de haber accedido por s\u00ed mismo a sitios web a los que este sitio se halle vinculado mediante hiperenlaces.<\/p>\n<p>CONG S.A. declara adem\u00e1s no ser responsable de los comentarios incluidos en los posts. Cualquier comentario que da\u00f1e la imagen o la reputaci\u00f3n de terceras personas no ser\u00e1 imputable a la empresa, incluso si el comentario se expresa en forma an\u00f3nima. Los comentarios se moderan y todo tipo de discurso o comportamiento perjudicial a terceros dar\u00e1 lugar a su inmediata supresi\u00f3n.<\/p>\n<p>CONG S.A. tampoco se hace responsable de la falta de uso del sitio, del retraso en la actualizaci\u00f3n de la informaci\u00f3n pertinente, ni de los da\u00f1os que puedan derivarse de posibles interrupciones, suspensiones, retrasos o anomal\u00edas en la conexi\u00f3n con este sitio resultantes del suministro de electricidad, del servicio telef\u00f3nico, de disfunci\u00f3n de la red de internet o de cualquier otra causa ajena a CONG S.A.<\/p>\n<p>CONG S.A. y las estructuras t\u00e9cnicas por ella delegadas protegen este sitio contra el riesgo de intrusi\u00f3n y de la acci\u00f3n de programas destinados a da\u00f1ar o alterar su funcionamiento, mediante la adopci\u00f3n de sistemas electr\u00f3nicos adecuados y sistemas antivirus. En cualquier caso es responsabilidad exclusiva del usuario equipar los instrumentos electr\u00f3nicos que utilice para navegar en internet con programas y sistemas destinados a garantizar la seguridad de la navegaci\u00f3n en las redes telem\u00e1ticas y una protecci\u00f3n adecuada contra virus y otros programas da\u00f1inos.<\/p>\n<p>Para cualquier informaci\u00f3n o aclaraci\u00f3n el usuario puede contactar con los operadores indicados en la secci\u00f3n &#8220;<strong>contactos<\/strong>&#8220;<strong>\u00a0<\/strong>del presente sitio.<\/p>\n<\/div><div class=\"fusion-clearfix\"><\/div><\/div><\/div><\/div><\/div>\n","protected":false},"excerpt":{"rendered":"","protected":false},"author":1,"featured_media":0,"parent":0,"menu_order":0,"comment_status":"open","ping_status":"open","template":"","meta":{"footnotes":""},"class_list":["post-861","page","type-page","status-publish","hentry"],"yoast_head":"<!-- This site is optimized with the Yoast SEO plugin v26.5 - https:\/\/yoast.com\/wordpress\/plugins\/seo\/ -->\n<title>Exenci\u00f3n de Responsabilidad | Corto Maltese<\/title>\n<meta name=\"description\" content=\"El acceso, la consulta y utilizaci\u00f3n de las p\u00e1ginas de este sitio conllevan la aceptaci\u00f3n por parte del usuario de la presente exenci\u00f3n de responsabilidad.\" \/>\n<meta name=\"robots\" content=\"index, follow, max-snippet:-1, max-image-preview:large, max-video-preview:-1\" \/>\n<link rel=\"canonical\" href=\"https:\/\/cortomaltese.com\/es\/exencion-de-responsabilidad\/\" \/>\n<meta property=\"og:locale\" content=\"es_ES\" \/>\n<meta property=\"og:type\" content=\"article\" \/>\n<meta property=\"og:title\" content=\"Exenci\u00f3n de Responsabilidad | Corto Maltese\" \/>\n<meta property=\"og:description\" content=\"El acceso, la consulta y utilizaci\u00f3n de las p\u00e1ginas de este sitio conllevan la aceptaci\u00f3n por parte del usuario de la presente exenci\u00f3n de responsabilidad.\" \/>\n<meta property=\"og:url\" content=\"https:\/\/cortomaltese.com\/es\/exencion-de-responsabilidad\/\" \/>\n<meta property=\"og:site_name\" content=\"cortomaltese espa\u00f1ol\" \/>\n<meta property=\"article:modified_time\" content=\"2017-01-27T10:51:55+00:00\" \/>\n<meta name=\"twitter:card\" content=\"summary_large_image\" \/>\n<meta name=\"twitter:label1\" content=\"Tiempo de lectura\" \/>\n\t<meta name=\"twitter:data1\" content=\"4 minutos\" \/>\n<script type=\"application\/ld+json\" class=\"yoast-schema-graph\">{\"@context\":\"https:\/\/schema.org\",\"@graph\":[{\"@type\":\"WebPage\",\"@id\":\"https:\/\/cortomaltese.com\/es\/exencion-de-responsabilidad\/\",\"url\":\"https:\/\/cortomaltese.com\/es\/exencion-de-responsabilidad\/\",\"name\":\"Exenci\u00f3n de Responsabilidad | Corto Maltese\",\"isPartOf\":{\"@id\":\"https:\/\/cortomaltese.com\/es\/#website\"},\"datePublished\":\"2016-04-16T02:03:03+00:00\",\"dateModified\":\"2017-01-27T10:51:55+00:00\",\"description\":\"El acceso, la consulta y utilizaci\u00f3n de las p\u00e1ginas de este sitio conllevan la aceptaci\u00f3n por parte del usuario de la presente exenci\u00f3n de responsabilidad.\",\"breadcrumb\":{\"@id\":\"https:\/\/cortomaltese.com\/es\/exencion-de-responsabilidad\/#breadcrumb\"},\"inLanguage\":\"es\",\"potentialAction\":[{\"@type\":\"ReadAction\",\"target\":[\"https:\/\/cortomaltese.com\/es\/exencion-de-responsabilidad\/\"]}]},{\"@type\":\"BreadcrumbList\",\"@id\":\"https:\/\/cortomaltese.com\/es\/exencion-de-responsabilidad\/#breadcrumb\",\"itemListElement\":[{\"@type\":\"ListItem\",\"position\":1,\"name\":\"Portada\",\"item\":\"https:\/\/cortomaltese.com\/es\/\"},{\"@type\":\"ListItem\",\"position\":2,\"name\":\"Exenci\u00f3n de Responsabilidad\"}]},{\"@type\":\"WebSite\",\"@id\":\"https:\/\/cortomaltese.com\/es\/#website\",\"url\":\"https:\/\/cortomaltese.com\/es\/\",\"name\":\"cortomaltese espa\u00f1ol\",\"description\":\"El sitio web oficial\",\"potentialAction\":[{\"@type\":\"SearchAction\",\"target\":{\"@type\":\"EntryPoint\",\"urlTemplate\":\"https:\/\/cortomaltese.com\/es\/?s={search_term_string}\"},\"query-input\":{\"@type\":\"PropertyValueSpecification\",\"valueRequired\":true,\"valueName\":\"search_term_string\"}}],\"inLanguage\":\"es\"}]}<\/script>\n<!-- \/ Yoast SEO plugin. -->","yoast_head_json":{"title":"Exenci\u00f3n de Responsabilidad | Corto Maltese","description":"El acceso, la consulta y utilizaci\u00f3n de las p\u00e1ginas de este sitio conllevan la aceptaci\u00f3n por parte del usuario de la presente exenci\u00f3n de responsabilidad.","robots":{"index":"index","follow":"follow","max-snippet":"max-snippet:-1","max-image-preview":"max-image-preview:large","max-video-preview":"max-video-preview:-1"},"canonical":"https:\/\/cortomaltese.com\/es\/exencion-de-responsabilidad\/","og_locale":"es_ES","og_type":"article","og_title":"Exenci\u00f3n de Responsabilidad | Corto Maltese","og_description":"El acceso, la consulta y utilizaci\u00f3n de las p\u00e1ginas de este sitio conllevan la aceptaci\u00f3n por parte del usuario de la presente exenci\u00f3n de responsabilidad.","og_url":"https:\/\/cortomaltese.com\/es\/exencion-de-responsabilidad\/","og_site_name":"cortomaltese espa\u00f1ol","article_modified_time":"2017-01-27T10:51:55+00:00","twitter_card":"summary_large_image","twitter_misc":{"Tiempo de lectura":"4 minutos"},"schema":{"@context":"https:\/\/schema.org","@graph":[{"@type":"WebPage","@id":"https:\/\/cortomaltese.com\/es\/exencion-de-responsabilidad\/","url":"https:\/\/cortomaltese.com\/es\/exencion-de-responsabilidad\/","name":"Exenci\u00f3n de Responsabilidad | Corto Maltese","isPartOf":{"@id":"https:\/\/cortomaltese.com\/es\/#website"},"datePublished":"2016-04-16T02:03:03+00:00","dateModified":"2017-01-27T10:51:55+00:00","description":"El acceso, la consulta y utilizaci\u00f3n de las p\u00e1ginas de este sitio conllevan la aceptaci\u00f3n por parte del usuario de la presente exenci\u00f3n de responsabilidad.","breadcrumb":{"@id":"https:\/\/cortomaltese.com\/es\/exencion-de-responsabilidad\/#breadcrumb"},"inLanguage":"es","potentialAction":[{"@type":"ReadAction","target":["https:\/\/cortomaltese.com\/es\/exencion-de-responsabilidad\/"]}]},{"@type":"BreadcrumbList","@id":"https:\/\/cortomaltese.com\/es\/exencion-de-responsabilidad\/#breadcrumb","itemListElement":[{"@type":"ListItem","position":1,"name":"Portada","item":"https:\/\/cortomaltese.com\/es\/"},{"@type":"ListItem","position":2,"name":"Exenci\u00f3n de Responsabilidad"}]},{"@type":"WebSite","@id":"https:\/\/cortomaltese.com\/es\/#website","url":"https:\/\/cortomaltese.com\/es\/","name":"cortomaltese espa\u00f1ol","description":"El sitio web oficial","potentialAction":[{"@type":"SearchAction","target":{"@type":"EntryPoint","urlTemplate":"https:\/\/cortomaltese.com\/es\/?s={search_term_string}"},"query-input":{"@type":"PropertyValueSpecification","valueRequired":true,"valueName":"search_term_string"}}],"inLanguage":"es"}]}},"_links":{"self":[{"href":"https:\/\/cortomaltese.com\/es\/wp-json\/wp\/v2\/pages\/861","targetHints":{"allow":["GET"]}}],"collection":[{"href":"https:\/\/cortomaltese.com\/es\/wp-json\/wp\/v2\/pages"}],"about":[{"href":"https:\/\/cortomaltese.com\/es\/wp-json\/wp\/v2\/types\/page"}],"author":[{"embeddable":true,"href":"https:\/\/cortomaltese.com\/es\/wp-json\/wp\/v2\/users\/1"}],"replies":[{"embeddable":true,"href":"https:\/\/cortomaltese.com\/es\/wp-json\/wp\/v2\/comments?post=861"}],"version-history":[{"count":0,"href":"https:\/\/cortomaltese.com\/es\/wp-json\/wp\/v2\/pages\/861\/revisions"}],"wp:attachment":[{"href":"https:\/\/cortomaltese.com\/es\/wp-json\/wp\/v2\/media?parent=861"}],"curies":[{"name":"wp","href":"https:\/\/api.w.org\/{rel}","templated":true}]}}