{"id":12286,"date":"2015-12-16T11:21:52","date_gmt":"2015-12-16T10:21:52","guid":{"rendered":"https:\/\/cortomaltese.com\/es\/?page_id=12286"},"modified":"2023-08-14T16:03:31","modified_gmt":"2023-08-14T14:03:31","slug":"contactos","status":"publish","type":"page","link":"https:\/\/cortomaltese.com\/es\/contactos\/","title":{"rendered":"Contactos"},"content":{"rendered":"<div class=\"fusion-fullwidth fullwidth-box fusion-builder-row-1 nonhundred-percent-fullwidth non-hundred-percent-height-scrolling\" style=\"--awb-background-position:left top;--awb-border-sizes-top:0px;--awb-border-sizes-bottom:0px;--awb-border-sizes-left:0px;--awb-border-sizes-right:0px;--awb-border-radius-top-left:0px;--awb-border-radius-top-right:0px;--awb-border-radius-bottom-right:0px;--awb-border-radius-bottom-left:0px;--awb-padding-top:20px;--awb-padding-bottom:20px;--awb-flex-wrap:wrap;\" ><div class=\"fusion-builder-row fusion-row\"><div class=\"fusion-layout-column fusion_builder_column fusion-builder-column-0 fusion_builder_column_1_1 1_1 fusion-one-full fusion-column-first fusion-column-last fusion-column-no-min-height\" style=\"--awb-bg-size:cover;--awb-margin-bottom:0px;\"><div class=\"fusion-column-wrapper fusion-flex-column-wrapper-legacy\"><div class=\"fusion-text fusion-text-1\"><h2><strong>En 1987, el 24 de abril, Pratt cedi\u00f3 a CONG S.A. la propiedad y el ejercicio en exclusiva de sus derechos de autor sobre toda su producci\u00f3n, pasada y futura. Pratt quiso que todo se halle dentro de su empresa, CONG, mientras duren los derechos de autor.<\/strong><\/h2>\n<\/div><div class=\"fusion-sep-clear\"><\/div><div class=\"fusion-separator fusion-full-width-sep\" style=\"margin-left: auto;margin-right: auto;margin-top:10px;margin-bottom:10px;width:100%;\"><\/div><div class=\"fusion-sep-clear\"><\/div><div class=\"fusion-clearfix\"><\/div><\/div><\/div><div class=\"fusion-layout-column fusion_builder_column fusion-builder-column-1 fusion_builder_column_1_2 1_2 fusion-one-half fusion-column-first\" style=\"--awb-bg-size:cover;width:48%; margin-right: 4%;\"><div class=\"fusion-column-wrapper fusion-flex-column-wrapper-legacy\"><div class=\"fusion-text fusion-text-2\"><p>Pratt desapareci\u00f3 el 20 de agosto de 1995, pero la actividad principal de la compa\u00f1\u00eda se ha mantenido siempre la misma: alimentar las iniciativas dirigidas a difundir la marca Corto Malt\u00e9s, el alt\u00edsimo valor art\u00edstico de toda la obra de Hugo Pratt y el profundo significado que el personaje de <strong>Corto Malt\u00e9s<\/strong> ha representado siempre para multitudes de incondicionales, viajeros, escritores, fot\u00f3grafos, artistas o \u00absimples\u00bb so\u00f1adores.<br \/>\nLas oficinas de la compa\u00f1\u00eda CONG se hallan junto a Grandvaux, un pueblecito situado entre los vi\u00f1edos que dominan el lago de Ginebra (lago Lem\u00e1n), en Suiza, a pocos virajes del \u00faltimo domicilio elegido por Hugo Pratt.\u00a0Tambi\u00e9n est\u00e1 en Grandvaux la estatua de Corto Malt\u00e9s realizada por un gran amigo de Pratt, Livio Benedetti.\u00a0Corto mira hacia adelante, como siempre hizo, y su chaquet\u00f3n se agita al viento, pero la mirada est\u00e1 m\u00e1s all\u00e1. Parece sonre\u00edr al paso del tiempo. \u00c9l, el imperecedero antih\u00e9roe de la aut\u00e9ntica aventura, la del Viaje.<\/p>\n<\/div><div class=\"fusion-clearfix\"><\/div><\/div><\/div><div class=\"fusion-layout-column fusion_builder_column fusion-builder-column-2 fusion_builder_column_1_2 1_2 fusion-one-half fusion-column-last\" style=\"--awb-bg-size:cover;width:48%;\"><div class=\"fusion-column-wrapper fusion-flex-column-wrapper-legacy\"><div class=\"fusion-image-element in-legacy-container\" style=\"--awb-caption-title-font-family:var(--h2_typography-font-family);--awb-caption-title-font-weight:var(--h2_typography-font-weight);--awb-caption-title-font-style:var(--h2_typography-font-style);--awb-caption-title-size:var(--h2_typography-font-size);--awb-caption-title-transform:var(--h2_typography-text-transform);--awb-caption-title-line-height:var(--h2_typography-line-height);--awb-caption-title-letter-spacing:var(--h2_typography-letter-spacing);\"><span class=\" fusion-imageframe imageframe-none imageframe-1 hover-type-none\" style=\"border:10px solid #f6f6f6;\"><img decoding=\"async\" src=\"https:\/\/cortomaltese.com\/wp-content\/uploads\/sites\/10\/Corto-Maltese-contatti.jpg\" alt class=\"img-responsive\"\/><\/span><\/div><div class=\"fusion-clearfix\"><\/div><\/div><\/div><div class=\"fusion-layout-column fusion_builder_column fusion-builder-column-3 fusion_builder_column_1_1 1_1 fusion-one-full fusion-column-first fusion-column-last fusion-column-no-min-height\" style=\"--awb-bg-size:cover;--awb-margin-bottom:0px;\"><div class=\"fusion-column-wrapper fusion-flex-column-wrapper-legacy\"><div class=\"fusion-sep-clear\"><\/div><div class=\"fusion-separator fusion-full-width-sep\" style=\"margin-left: auto;margin-right: auto;margin-top:20px;margin-bottom:20px;width:100%;\"><\/div><div class=\"fusion-sep-clear\"><\/div><div class=\"fusion-clearfix\"><\/div><\/div><\/div><div class=\"fusion-layout-column fusion_builder_column fusion-builder-column-4 fusion_builder_column_1_1 1_1 fusion-one-full fusion-column-first fusion-column-last fusion-column-no-min-height\" style=\"--awb-bg-size:cover;--awb-margin-bottom:0px;\"><div class=\"fusion-column-wrapper fusion-flex-column-wrapper-legacy\"><div class=\"fusion-section-separator section-separator triangle fusion-section-separator-1\" style=\"--awb-border-bottom:4px solid #e10707;--awb-spacer-height:4px;--awb-svg-margin-left:0;--awb-svg-margin-right:0;--awb-icon-color:#ffffff;--awb-icon-top:auto;--awb-icon-bottom:-14px;\"><div class=\"fusion-section-separator-svg\"><div class=\"divider-candy-arrow bottom\" style=\"top:4px;border-top-color: #e10707;\"><\/div><div class=\"divider-candy bottom\" style=\"bottom:-24px;border-bottom:1px solid #e10707;border-left:1px solid #e10707;\"><\/div><\/div><div class=\"fusion-section-separator-spacer\"><div class=\"fusion-section-separator-spacer-height\"><\/div><\/div><\/div><div class=\"fusion-sep-clear\"><\/div><div class=\"fusion-separator fusion-full-width-sep\" style=\"margin-left: auto;margin-right: auto;margin-top:20px;margin-bottom:20px;width:100%;\"><\/div><div class=\"fusion-sep-clear\"><\/div><div class=\"fusion-clearfix\"><\/div><\/div><\/div><div class=\"fusion-layout-column fusion_builder_column fusion-builder-column-5 fusion_builder_column_1_2 1_2 fusion-one-half fusion-column-first\" style=\"--awb-bg-size:cover;width:48%; margin-right: 4%;\"><div class=\"fusion-column-wrapper fusion-flex-column-wrapper-legacy\"><iframe width=\"100%\" height=\"350\" frameborder=\"0\" scrolling=\"no\" marginheight=\"0\" marginwidth=\"0\" src=\"https:\/\/www.openstreetmap.org\/export\/embed.html?bbox=6.710039377212524%2C46.48962500878363%2C6.7218947410583505%2C46.497299199269605&layer=transportmap&marker=46.49346223939064%2C6.715967059135437\"><\/iframe><div class=\"fusion-clearfix\"><\/div><\/div><\/div><div class=\"fusion-layout-column fusion_builder_column fusion-builder-column-6 fusion_builder_column_1_2 1_2 fusion-one-half fusion-column-last\" style=\"--awb-bg-size:cover;width:48%;\"><div class=\"fusion-column-wrapper fusion-flex-column-wrapper-legacy\"><div class=\"fusion-text fusion-text-3\"><h3><strong>CONG SA<\/strong><\/h3>\n<p>Grand Rue 1<br \/>\n1091 Grandvaux, Suiza<\/p>\n<p>sitio web:\u00a0<span style=\"text-decoration: underline;\"><span style=\"color: #ff0000;\"><a style=\"color: #ff0000; text-decoration: underline;\" href=\"http:\/\/cong-pratt.com\" target=\"_blank\" rel=\"noopener noreferrer\">cong-pratt.com<\/a><\/span><\/span><\/p>\n<p>Para obtener informaci\u00f3n o realizar consultas, puede contactarse con CONG mediante los canales disponibles en el sitio web.<\/p>\n<\/div><div class=\"fusion-clearfix\"><\/div><\/div><\/div><\/div><\/div>\n","protected":false},"excerpt":{"rendered":"","protected":false},"author":1,"featured_media":12458,"parent":0,"menu_order":0,"comment_status":"closed","ping_status":"closed","template":"","meta":{"footnotes":""},"class_list":["post-12286","page","type-page","status-publish","has-post-thumbnail","hentry"],"yoast_head":"<!-- This site is optimized with the Yoast SEO plugin v26.5 - https:\/\/yoast.com\/wordpress\/plugins\/seo\/ -->\n<title>P\u00e1gina de Contacto | Corto Maltese<\/title>\n<meta name=\"description\" content=\"La p\u00e1gina de contacto de la web de Corto Malt\u00e9s la administra Cong SA, que posee los derechos sobre todas las obras de Hugo Pratt, pasadas y futuras.\" \/>\n<meta name=\"robots\" content=\"index, follow, max-snippet:-1, max-image-preview:large, max-video-preview:-1\" \/>\n<link rel=\"canonical\" href=\"https:\/\/cortomaltese.com\/es\/contactos\/\" \/>\n<meta property=\"og:locale\" content=\"es_ES\" \/>\n<meta property=\"og:type\" content=\"article\" \/>\n<meta property=\"og:title\" content=\"P\u00e1gina de Contacto | Corto Maltese\" \/>\n<meta property=\"og:description\" content=\"La p\u00e1gina de contacto de la web de Corto Malt\u00e9s la administra Cong SA, que posee los derechos sobre todas las obras de Hugo Pratt, pasadas y futuras.\" \/>\n<meta property=\"og:url\" content=\"https:\/\/cortomaltese.com\/es\/contactos\/\" \/>\n<meta property=\"og:site_name\" content=\"cortomaltese espa\u00f1ol\" \/>\n<meta property=\"article:modified_time\" content=\"2023-08-14T14:03:31+00:00\" \/>\n<meta property=\"og:image\" content=\"https:\/\/cortomaltese.com\/es\/wp-content\/uploads\/sites\/10\/Corto-Maltese-contatti.jpg\" \/>\n\t<meta property=\"og:image:width\" content=\"867\" \/>\n\t<meta property=\"og:image:height\" content=\"650\" \/>\n\t<meta property=\"og:image:type\" content=\"image\/jpeg\" \/>\n<meta name=\"twitter:card\" content=\"summary_large_image\" \/>\n<meta name=\"twitter:label1\" content=\"Tiempo de lectura\" \/>\n\t<meta name=\"twitter:data1\" content=\"3 minutos\" \/>\n<script type=\"application\/ld+json\" class=\"yoast-schema-graph\">{\"@context\":\"https:\/\/schema.org\",\"@graph\":[{\"@type\":\"WebPage\",\"@id\":\"https:\/\/cortomaltese.com\/es\/contactos\/\",\"url\":\"https:\/\/cortomaltese.com\/es\/contactos\/\",\"name\":\"P\u00e1gina de Contacto | Corto Maltese\",\"isPartOf\":{\"@id\":\"https:\/\/cortomaltese.com\/es\/#website\"},\"primaryImageOfPage\":{\"@id\":\"https:\/\/cortomaltese.com\/es\/contactos\/#primaryimage\"},\"image\":{\"@id\":\"https:\/\/cortomaltese.com\/es\/contactos\/#primaryimage\"},\"thumbnailUrl\":\"https:\/\/cortomaltese.com\/es\/wp-content\/uploads\/sites\/10\/Corto-Maltese-contatti.jpg\",\"datePublished\":\"2015-12-16T10:21:52+00:00\",\"dateModified\":\"2023-08-14T14:03:31+00:00\",\"description\":\"La p\u00e1gina de contacto de la web de Corto Malt\u00e9s la administra Cong SA, que posee los derechos sobre todas las obras de Hugo Pratt, pasadas y futuras.\",\"breadcrumb\":{\"@id\":\"https:\/\/cortomaltese.com\/es\/contactos\/#breadcrumb\"},\"inLanguage\":\"es\",\"potentialAction\":[{\"@type\":\"ReadAction\",\"target\":[\"https:\/\/cortomaltese.com\/es\/contactos\/\"]}]},{\"@type\":\"ImageObject\",\"inLanguage\":\"es\",\"@id\":\"https:\/\/cortomaltese.com\/es\/contactos\/#primaryimage\",\"url\":\"https:\/\/cortomaltese.com\/es\/wp-content\/uploads\/sites\/10\/Corto-Maltese-contatti.jpg\",\"contentUrl\":\"https:\/\/cortomaltese.com\/es\/wp-content\/uploads\/sites\/10\/Corto-Maltese-contatti.jpg\",\"width\":867,\"height\":650},{\"@type\":\"BreadcrumbList\",\"@id\":\"https:\/\/cortomaltese.com\/es\/contactos\/#breadcrumb\",\"itemListElement\":[{\"@type\":\"ListItem\",\"position\":1,\"name\":\"Portada\",\"item\":\"https:\/\/cortomaltese.com\/es\/\"},{\"@type\":\"ListItem\",\"position\":2,\"name\":\"Contactos\"}]},{\"@type\":\"WebSite\",\"@id\":\"https:\/\/cortomaltese.com\/es\/#website\",\"url\":\"https:\/\/cortomaltese.com\/es\/\",\"name\":\"cortomaltese espa\u00f1ol\",\"description\":\"El sitio web oficial\",\"potentialAction\":[{\"@type\":\"SearchAction\",\"target\":{\"@type\":\"EntryPoint\",\"urlTemplate\":\"https:\/\/cortomaltese.com\/es\/?s={search_term_string}\"},\"query-input\":{\"@type\":\"PropertyValueSpecification\",\"valueRequired\":true,\"valueName\":\"search_term_string\"}}],\"inLanguage\":\"es\"}]}<\/script>\n<!-- \/ Yoast SEO plugin. -->","yoast_head_json":{"title":"P\u00e1gina de Contacto | Corto Maltese","description":"La p\u00e1gina de contacto de la web de Corto Malt\u00e9s la administra Cong SA, que posee los derechos sobre todas las obras de Hugo Pratt, pasadas y futuras.","robots":{"index":"index","follow":"follow","max-snippet":"max-snippet:-1","max-image-preview":"max-image-preview:large","max-video-preview":"max-video-preview:-1"},"canonical":"https:\/\/cortomaltese.com\/es\/contactos\/","og_locale":"es_ES","og_type":"article","og_title":"P\u00e1gina de Contacto | Corto Maltese","og_description":"La p\u00e1gina de contacto de la web de Corto Malt\u00e9s la administra Cong SA, que posee los derechos sobre todas las obras de Hugo Pratt, pasadas y futuras.","og_url":"https:\/\/cortomaltese.com\/es\/contactos\/","og_site_name":"cortomaltese espa\u00f1ol","article_modified_time":"2023-08-14T14:03:31+00:00","og_image":[{"width":867,"height":650,"url":"https:\/\/cortomaltese.com\/es\/wp-content\/uploads\/sites\/10\/Corto-Maltese-contatti.jpg","type":"image\/jpeg"}],"twitter_card":"summary_large_image","twitter_misc":{"Tiempo de lectura":"3 minutos"},"schema":{"@context":"https:\/\/schema.org","@graph":[{"@type":"WebPage","@id":"https:\/\/cortomaltese.com\/es\/contactos\/","url":"https:\/\/cortomaltese.com\/es\/contactos\/","name":"P\u00e1gina de Contacto | Corto Maltese","isPartOf":{"@id":"https:\/\/cortomaltese.com\/es\/#website"},"primaryImageOfPage":{"@id":"https:\/\/cortomaltese.com\/es\/contactos\/#primaryimage"},"image":{"@id":"https:\/\/cortomaltese.com\/es\/contactos\/#primaryimage"},"thumbnailUrl":"https:\/\/cortomaltese.com\/es\/wp-content\/uploads\/sites\/10\/Corto-Maltese-contatti.jpg","datePublished":"2015-12-16T10:21:52+00:00","dateModified":"2023-08-14T14:03:31+00:00","description":"La p\u00e1gina de contacto de la web de Corto Malt\u00e9s la administra Cong SA, que posee los derechos sobre todas las obras de Hugo Pratt, pasadas y futuras.","breadcrumb":{"@id":"https:\/\/cortomaltese.com\/es\/contactos\/#breadcrumb"},"inLanguage":"es","potentialAction":[{"@type":"ReadAction","target":["https:\/\/cortomaltese.com\/es\/contactos\/"]}]},{"@type":"ImageObject","inLanguage":"es","@id":"https:\/\/cortomaltese.com\/es\/contactos\/#primaryimage","url":"https:\/\/cortomaltese.com\/es\/wp-content\/uploads\/sites\/10\/Corto-Maltese-contatti.jpg","contentUrl":"https:\/\/cortomaltese.com\/es\/wp-content\/uploads\/sites\/10\/Corto-Maltese-contatti.jpg","width":867,"height":650},{"@type":"BreadcrumbList","@id":"https:\/\/cortomaltese.com\/es\/contactos\/#breadcrumb","itemListElement":[{"@type":"ListItem","position":1,"name":"Portada","item":"https:\/\/cortomaltese.com\/es\/"},{"@type":"ListItem","position":2,"name":"Contactos"}]},{"@type":"WebSite","@id":"https:\/\/cortomaltese.com\/es\/#website","url":"https:\/\/cortomaltese.com\/es\/","name":"cortomaltese espa\u00f1ol","description":"El sitio web oficial","potentialAction":[{"@type":"SearchAction","target":{"@type":"EntryPoint","urlTemplate":"https:\/\/cortomaltese.com\/es\/?s={search_term_string}"},"query-input":{"@type":"PropertyValueSpecification","valueRequired":true,"valueName":"search_term_string"}}],"inLanguage":"es"}]}},"_links":{"self":[{"href":"https:\/\/cortomaltese.com\/es\/wp-json\/wp\/v2\/pages\/12286","targetHints":{"allow":["GET"]}}],"collection":[{"href":"https:\/\/cortomaltese.com\/es\/wp-json\/wp\/v2\/pages"}],"about":[{"href":"https:\/\/cortomaltese.com\/es\/wp-json\/wp\/v2\/types\/page"}],"author":[{"embeddable":true,"href":"https:\/\/cortomaltese.com\/es\/wp-json\/wp\/v2\/users\/1"}],"replies":[{"embeddable":true,"href":"https:\/\/cortomaltese.com\/es\/wp-json\/wp\/v2\/comments?post=12286"}],"version-history":[{"count":0,"href":"https:\/\/cortomaltese.com\/es\/wp-json\/wp\/v2\/pages\/12286\/revisions"}],"wp:featuredmedia":[{"embeddable":true,"href":"https:\/\/cortomaltese.com\/es\/wp-json\/wp\/v2\/media\/12458"}],"wp:attachment":[{"href":"https:\/\/cortomaltese.com\/es\/wp-json\/wp\/v2\/media?parent=12286"}],"curies":[{"name":"wp","href":"https:\/\/api.w.org\/{rel}","templated":true}]}}