{"id":861,"date":"2016-04-16T03:03:03","date_gmt":"2016-04-16T02:03:03","guid":{"rendered":"http:\/\/localhost:8888\/?page_id=861"},"modified":"2017-04-26T16:04:24","modified_gmt":"2017-04-26T14:04:24","slug":"disclaimer","status":"publish","type":"page","link":"https:\/\/cortomaltese.com\/de\/disclaimer\/","title":{"rendered":"Disclaimer"},"content":{"rendered":"<div class=\"fusion-fullwidth fullwidth-box fusion-builder-row-1 nonhundred-percent-fullwidth non-hundred-percent-height-scrolling\" style=\"--awb-background-position:left top;--awb-border-radius-top-left:0px;--awb-border-radius-top-right:0px;--awb-border-radius-bottom-right:0px;--awb-border-radius-bottom-left:0px;--awb-padding-top:20px;--awb-padding-bottom:20px;--awb-border-sizes-top:0px;--awb-border-sizes-bottom:0px;--awb-flex-wrap:wrap;\" ><div class=\"fusion-builder-row fusion-row\"><div class=\"fusion-layout-column fusion_builder_column fusion-builder-column-0 fusion_builder_column_1_1 1_1 fusion-one-full fusion-column-first fusion-column-last fusion-column-no-min-height\" style=\"--awb-bg-size:cover;--awb-margin-bottom:0px;\"><div class=\"fusion-column-wrapper fusion-flex-column-wrapper-legacy\"><div class=\"fusion-title title fusion-title-1 fusion-sep-none fusion-title-text fusion-title-size-one\"><h1 class=\"fusion-title-heading title-heading-left fusion-responsive-typography-calculated\" style=\"margin:0;--fontSize:36;line-height:1.33;\">Disclaimer<\/h1><\/div><div class=\"fusion-sep-clear\"><\/div><div class=\"fusion-separator fusion-clearfix\" style=\"float:left;margin-top:0px;margin-bottom:30px;width:100%;max-width:40%;\"><div class=\"fusion-separator-border sep-single sep-solid\" style=\"--awb-height:20px;--awb-amount:20px;--awb-sep-color:#dd3333;border-color:#dd3333;border-top-width:4px;\"><\/div><\/div><div class=\"fusion-sep-clear\"><\/div><div class=\"fusion-text fusion-text-1\"><p class=\"p1\"><span class=\"s1\"><b>1. Haftungsbeschr\u00e4nkung<\/b><\/span><\/p>\n<p class=\"p2\"><span class=\"s2\">Die Inhalte des Internetauftritts wurden mit gr<\/span><span class=\"s1\">\u00f6\u00dftm\u00f6glicher Sorgfalt und nach bestem Gewissen erstellt. Dennoch \u00fcbernimmt der Anbieter dieser Webseite keine Gew\u00e4hr f\u00fcr die Aktualit\u00e4t, Vollst\u00e4ndigkeit und Richtigkeit der bereitgestellten Seiten und Inhalte.<\/span><\/p>\n<p class=\"p2\"><span class=\"s2\">Als Diensteanbieter ist der Anbieter dieser Webseite gem<\/span><span class=\"s1\">\u00e4\u00df \u00a7 7 Abs. 1 TMG f\u00fcr eigene Inhalte und bereitgestellte Informationen auf diesen Seiten nach den allgemeinen Gesetzen verantwortlich; nach den \u00a7\u00a7 8 bis 10 TMG jedoch nicht verpflichtet, die \u00fcbermitt<\/span><span class=\"s2\">elten oder gespeicherten fremden Informationen zu <\/span><span class=\"s1\">\u00fcberwachen. Eine Entfernung oder Sperrung dieser Inhalte erfolgt umgehend ab dem Zeitpunkt der Kenntnis einer konkreten Rechtsverletzung. Eine Haftung ist erst ab dem Zeitpunkt der Kenntniserlangung m\u00f6glich<\/span><span class=\"s2\">.<\/span><\/p>\n<p class=\"p1\"><span class=\"s1\"><b>2. Externe Links<\/b><\/span><\/p>\n<p class=\"p2\"><span class=\"s2\">Die Webseite enth<\/span><span class=\"s1\">\u00e4lt sog. \u201eexterne Links\u201c (Verlinkungen) zu anderen Webseiten, auf deren Inhalt der Anbieter der Webseite keinen Einfluss hat. Aus diesem Grund kann der Anbieter f\u00fcr diese Inhalte auch keine Gew\u00e4hr \u00fcbernehmen.<\/span><\/p>\n<p class=\"p1\"><span class=\"s1\">F<\/span><span class=\"s3\">\u00fcr die Inh<\/span><span class=\"s1\">alte und Richtigkeit der bereitgestellten Informationen ist der jeweilige Anbieter der verlinkten Webseite verantwortlich. Zum Zeitpunkt der Verlinkung waren keine Rechtsverst<\/span><span class=\"s3\">\u00f6\u00dfe erkennbar. Bei Bekanntwerden einer solchen Rechtsverletzung wird der Link umg<\/span><span class=\"s1\">ehend entfernen.<\/span><\/p>\n<p class=\"p1\"><span class=\"s1\"><b>3. Urheberrecht\/Leistungsschutzrecht<\/b><\/span><\/p>\n<p class=\"p2\"><span class=\"s2\">Die auf dieser Webseite ver<\/span><span class=\"s1\">\u00f6ffentlichten Inhalte, Werke und bereitgestellten Informationen unterliegen dem deutschen Urheberrecht und Leistungsschutzrecht. Jede Art der Vervielf\u00e4ltigung, Bearbeitung, Ve<\/span><span class=\"s2\">rbreitung, Einspeicherung und jede Art der Verwertung au<\/span><span class=\"s1\">\u00dferhalb der Grenzen des Urheberrechts bedarf der vorherigen schriftlichen Zustimmung des jeweiligen Rechteinhabers. Das unerlaubte Kopieren\/Speichern der bereitgestellten Informationen auf diesen Webs<\/span><span class=\"s2\">eiten ist nicht gestattet und strafbar.<\/span><\/p>\n<p class=\"p1\"><span class=\"s1\"><b>4. Datenschutz<\/b><\/span><\/p>\n<p class=\"p2\"><span class=\"s2\">Durch den Besuch des Internetauftritts k<\/span><span class=\"s1\">\u00f6nnen Informationen (Datum, Uhrzeit, aufgerufene Seite) \u00fcber den Zugriff auf dem Server gespeichert werden. Es werden keine personenbezogenenen (z. B. Name, Ansc<\/span><span class=\"s2\">hrift oder E-Mail-Adresse) Daten, gespeichert.<\/span><\/p>\n<p class=\"p2\"><span class=\"s2\">Sofern personenbezogene Daten erhoben werden, erfolgt dies, sofern m<\/span><span class=\"s1\">\u00f6glich, nur mit dem vorherigen Einverst\u00e4ndnis des Nutzers der Webseite. Eine Weitergabe der Daten an Dritte findet ohne ausdr\u00fcckliche Zustimm<\/span><span class=\"s2\">ung des Nutzers nicht statt.<\/span><\/p>\n<p class=\"p2\"><span class=\"s2\">Der Anbieter weist darauf hin, dass die <\/span><span class=\"s1\">\u00dcbertragung von Daten im Internet (z. B. per E-Mail) Sicherheitsl\u00fccken aufweisen und ein l\u00fcckenloser Schutz der Daten vor dem Zugriff Dritter nicht gew\u00e4hrleistet werden kann. Der Anbieter<\/span> <span class=\"s1\">\u00fcbernimmt keine Haftung f\u00fcr die durch solche Sicherheitsl\u00fccken entstandenen Sch\u00e4den<\/span><span class=\"s2\">.<\/span><\/p>\n<\/div><div class=\"fusion-clearfix\"><\/div><\/div><\/div><\/div><\/div>\n","protected":false},"excerpt":{"rendered":"","protected":false},"author":1,"featured_media":0,"parent":0,"menu_order":0,"comment_status":"open","ping_status":"open","template":"","meta":{"footnotes":""},"class_list":["post-861","page","type-page","status-publish","hentry"],"yoast_head":"<!-- This site is optimized with the Yoast SEO plugin v26.5 - https:\/\/yoast.com\/wordpress\/plugins\/seo\/ -->\n<title>Disclaimer | Corto Maltese<\/title>\n<meta name=\"description\" content=\"Zugang, Information und Weiterverwertung von Inhalten dieser Webseite sind abh\u00e4ngig von der Akzeptanz dieses Disclaimers durch den User.\" \/>\n<meta name=\"robots\" content=\"index, follow, max-snippet:-1, max-image-preview:large, max-video-preview:-1\" \/>\n<link rel=\"canonical\" href=\"https:\/\/cortomaltese.com\/de\/disclaimer\/\" \/>\n<meta property=\"og:locale\" content=\"de_DE\" \/>\n<meta property=\"og:type\" content=\"article\" \/>\n<meta property=\"og:title\" content=\"Disclaimer del sito | Corto Maltese\" \/>\n<meta property=\"og:description\" content=\"L\u2019accesso, la consultazione e l\u2019utilizzo delle pagine del presente sito comportano l\u2019accettazione, da parte dell\u2019utente, del presente Disclaimer.\" \/>\n<meta property=\"og:url\" content=\"https:\/\/cortomaltese.com\/de\/disclaimer\/\" \/>\n<meta property=\"og:site_name\" content=\"Cortomaltese deutsche\" \/>\n<meta property=\"article:modified_time\" content=\"2017-04-26T14:04:24+00:00\" \/>\n<meta name=\"twitter:card\" content=\"summary_large_image\" \/>\n<meta name=\"twitter:label1\" content=\"Gesch\u00e4tzte Lesezeit\" \/>\n\t<meta name=\"twitter:data1\" content=\"3 Minuten\" \/>\n<script type=\"application\/ld+json\" class=\"yoast-schema-graph\">{\"@context\":\"https:\/\/schema.org\",\"@graph\":[{\"@type\":\"WebPage\",\"@id\":\"https:\/\/cortomaltese.com\/de\/disclaimer\/\",\"url\":\"https:\/\/cortomaltese.com\/de\/disclaimer\/\",\"name\":\"Disclaimer | Corto Maltese\",\"isPartOf\":{\"@id\":\"https:\/\/cortomaltese.com\/de\/#website\"},\"datePublished\":\"2016-04-16T02:03:03+00:00\",\"dateModified\":\"2017-04-26T14:04:24+00:00\",\"description\":\"Zugang, Information und Weiterverwertung von Inhalten dieser Webseite sind abh\u00e4ngig von der Akzeptanz dieses Disclaimers durch den User.\",\"breadcrumb\":{\"@id\":\"https:\/\/cortomaltese.com\/de\/disclaimer\/#breadcrumb\"},\"inLanguage\":\"de-CH\",\"potentialAction\":[{\"@type\":\"ReadAction\",\"target\":[\"https:\/\/cortomaltese.com\/de\/disclaimer\/\"]}]},{\"@type\":\"BreadcrumbList\",\"@id\":\"https:\/\/cortomaltese.com\/de\/disclaimer\/#breadcrumb\",\"itemListElement\":[{\"@type\":\"ListItem\",\"position\":1,\"name\":\"Startseite\",\"item\":\"https:\/\/cortomaltese.com\/de\/\"},{\"@type\":\"ListItem\",\"position\":2,\"name\":\"Disclaimer\"}]},{\"@type\":\"WebSite\",\"@id\":\"https:\/\/cortomaltese.com\/de\/#website\",\"url\":\"https:\/\/cortomaltese.com\/de\/\",\"name\":\"Cortomaltese deutsche\",\"description\":\"Il sito ufficiale\",\"potentialAction\":[{\"@type\":\"SearchAction\",\"target\":{\"@type\":\"EntryPoint\",\"urlTemplate\":\"https:\/\/cortomaltese.com\/de\/?s={search_term_string}\"},\"query-input\":{\"@type\":\"PropertyValueSpecification\",\"valueRequired\":true,\"valueName\":\"search_term_string\"}}],\"inLanguage\":\"de-CH\"}]}<\/script>\n<!-- \/ Yoast SEO plugin. -->","yoast_head_json":{"title":"Disclaimer | Corto Maltese","description":"Zugang, Information und Weiterverwertung von Inhalten dieser Webseite sind abh\u00e4ngig von der Akzeptanz dieses Disclaimers durch den User.","robots":{"index":"index","follow":"follow","max-snippet":"max-snippet:-1","max-image-preview":"max-image-preview:large","max-video-preview":"max-video-preview:-1"},"canonical":"https:\/\/cortomaltese.com\/de\/disclaimer\/","og_locale":"de_DE","og_type":"article","og_title":"Disclaimer del sito | Corto Maltese","og_description":"L\u2019accesso, la consultazione e l\u2019utilizzo delle pagine del presente sito comportano l\u2019accettazione, da parte dell\u2019utente, del presente Disclaimer.","og_url":"https:\/\/cortomaltese.com\/de\/disclaimer\/","og_site_name":"Cortomaltese deutsche","article_modified_time":"2017-04-26T14:04:24+00:00","twitter_card":"summary_large_image","twitter_misc":{"Gesch\u00e4tzte Lesezeit":"3 Minuten"},"schema":{"@context":"https:\/\/schema.org","@graph":[{"@type":"WebPage","@id":"https:\/\/cortomaltese.com\/de\/disclaimer\/","url":"https:\/\/cortomaltese.com\/de\/disclaimer\/","name":"Disclaimer | Corto Maltese","isPartOf":{"@id":"https:\/\/cortomaltese.com\/de\/#website"},"datePublished":"2016-04-16T02:03:03+00:00","dateModified":"2017-04-26T14:04:24+00:00","description":"Zugang, Information und Weiterverwertung von Inhalten dieser Webseite sind abh\u00e4ngig von der Akzeptanz dieses Disclaimers durch den User.","breadcrumb":{"@id":"https:\/\/cortomaltese.com\/de\/disclaimer\/#breadcrumb"},"inLanguage":"de-CH","potentialAction":[{"@type":"ReadAction","target":["https:\/\/cortomaltese.com\/de\/disclaimer\/"]}]},{"@type":"BreadcrumbList","@id":"https:\/\/cortomaltese.com\/de\/disclaimer\/#breadcrumb","itemListElement":[{"@type":"ListItem","position":1,"name":"Startseite","item":"https:\/\/cortomaltese.com\/de\/"},{"@type":"ListItem","position":2,"name":"Disclaimer"}]},{"@type":"WebSite","@id":"https:\/\/cortomaltese.com\/de\/#website","url":"https:\/\/cortomaltese.com\/de\/","name":"Cortomaltese deutsche","description":"Il sito ufficiale","potentialAction":[{"@type":"SearchAction","target":{"@type":"EntryPoint","urlTemplate":"https:\/\/cortomaltese.com\/de\/?s={search_term_string}"},"query-input":{"@type":"PropertyValueSpecification","valueRequired":true,"valueName":"search_term_string"}}],"inLanguage":"de-CH"}]}},"_links":{"self":[{"href":"https:\/\/cortomaltese.com\/de\/wp-json\/wp\/v2\/pages\/861","targetHints":{"allow":["GET"]}}],"collection":[{"href":"https:\/\/cortomaltese.com\/de\/wp-json\/wp\/v2\/pages"}],"about":[{"href":"https:\/\/cortomaltese.com\/de\/wp-json\/wp\/v2\/types\/page"}],"author":[{"embeddable":true,"href":"https:\/\/cortomaltese.com\/de\/wp-json\/wp\/v2\/users\/1"}],"replies":[{"embeddable":true,"href":"https:\/\/cortomaltese.com\/de\/wp-json\/wp\/v2\/comments?post=861"}],"version-history":[{"count":0,"href":"https:\/\/cortomaltese.com\/de\/wp-json\/wp\/v2\/pages\/861\/revisions"}],"wp:attachment":[{"href":"https:\/\/cortomaltese.com\/de\/wp-json\/wp\/v2\/media?parent=861"}],"curies":[{"name":"wp","href":"https:\/\/api.w.org\/{rel}","templated":true}]}}