{"id":13057,"date":"2016-04-17T13:44:08","date_gmt":"2016-04-17T12:44:08","guid":{"rendered":"https:\/\/cortomaltese.com\/de\/?page_id=13057"},"modified":"2019-12-04T06:41:59","modified_gmt":"2019-12-04T05:41:59","slug":"credits","status":"publish","type":"page","link":"https:\/\/cortomaltese.com\/de\/credits\/","title":{"rendered":"Credits"},"content":{"rendered":"<div class=\"fusion-fullwidth fullwidth-box fusion-builder-row-1 nonhundred-percent-fullwidth non-hundred-percent-height-scrolling\" style=\"--awb-background-position:left top;--awb-border-radius-top-left:0px;--awb-border-radius-top-right:0px;--awb-border-radius-bottom-right:0px;--awb-border-radius-bottom-left:0px;--awb-padding-top:20px;--awb-padding-bottom:20px;--awb-border-sizes-top:0px;--awb-border-sizes-bottom:0px;--awb-flex-wrap:wrap;\" ><div class=\"fusion-builder-row fusion-row\"><div class=\"fusion-layout-column fusion_builder_column fusion-builder-column-0 fusion_builder_column_1_1 1_1 fusion-one-full fusion-column-first fusion-column-last fusion-column-no-min-height\" style=\"--awb-bg-size:cover;--awb-margin-bottom:0px;\"><div class=\"fusion-column-wrapper fusion-flex-column-wrapper-legacy\"><div class=\"fusion-title title fusion-title-1 fusion-sep-none fusion-title-text fusion-title-size-one\"><h1 class=\"fusion-title-heading title-heading-left fusion-responsive-typography-calculated\" style=\"margin:0;--fontSize:36;line-height:1.33;\">Credits<\/h1><\/div><div class=\"fusion-sep-clear\"><\/div><div class=\"fusion-separator fusion-clearfix\" style=\"float:left;margin-top:0px;margin-bottom:30px;width:100%;max-width:40%;\"><div class=\"fusion-separator-border sep-single sep-solid\" style=\"--awb-height:20px;--awb-amount:20px;--awb-sep-color:#dd3333;border-color:#dd3333;border-top-width:4px;\"><\/div><\/div><div class=\"fusion-sep-clear\"><\/div><div class=\"fusion-text fusion-text-1\"><p>Die aktuelle Webseite wurde zum erstmals im April 2016 erstellt.<\/p>\n<p><strong>Verantwortlich f\u00fcr den Inhalt:<br \/>\n<\/strong>Cong SA (<span style=\"color: #ff0000;\"><a style=\"color: #ff0000;\" href=\"http:\/\/www.cong-pratt.com\">www.cong-pratt.com<\/a><\/span>)<\/p>\n<p><strong>Texte:<\/strong><br \/>\nDie Urheberschaft s\u00e4mtlicher Texte auf der Webseite liegt bei Cong SA.<\/p>\n<p><strong>Fotos:<br \/>\n<\/strong>Die Fotos und das Video auf der Webseite sind Eigentum von Cong SA, wenn nicht anders angegeben. In abweichenden F\u00e4llen handelt es sich um Material, das vertragsgem\u00e4\u00df erstellt wurde.<\/p>\n<p><strong>Webmaster und Systemberatung:<\/strong><br \/>\nWolf srl (<span style=\"color: #ff0000;\"><a style=\"color: #ff0000;\" href=\"mailto:contact@wolfsrl.it\">contact@wolfsrl.it<\/a><\/span>)<\/p>\n<p><strong>Inhaltsverwaltung:<\/strong><br \/>\nWolf srl (<span style=\"color: #ff0000;\"><a style=\"color: #ff0000;\" href=\"mailto:contact@wolfsrl.it\">contact@wolfsrl.it<\/a><\/span>)<\/p>\n<\/div><div class=\"fusion-clearfix\"><\/div><\/div><\/div><\/div><\/div>\n","protected":false},"excerpt":{"rendered":"","protected":false},"author":1,"featured_media":0,"parent":0,"menu_order":0,"comment_status":"closed","ping_status":"closed","template":"","meta":{"footnotes":""},"class_list":["post-13057","page","type-page","status-publish","hentry"],"yoast_head":"<!-- This site is optimized with the Yoast SEO plugin v26.5 - https:\/\/yoast.com\/wordpress\/plugins\/seo\/ -->\n<title>Credits | Corto Maltese<\/title>\n<meta name=\"description\" content=\"Verantwortung, Credits und Danksagung f\u00fcr Realisierung und Betreiben der Webseite, die in der aktuellen Version im April 2016 an den Start ging.\" \/>\n<meta name=\"robots\" content=\"index, follow, max-snippet:-1, max-image-preview:large, max-video-preview:-1\" \/>\n<link rel=\"canonical\" href=\"https:\/\/cortomaltese.com\/de\/credits\/\" \/>\n<meta property=\"og:locale\" content=\"de_DE\" \/>\n<meta property=\"og:type\" content=\"article\" \/>\n<meta property=\"og:title\" content=\"Credits e ringraziamenti | Corto Maltese\" \/>\n<meta property=\"og:description\" content=\"Responsabilit\u00e0, credits e ringraziamenti per la realizzazione e gestione del sito, pubblicato nella presente versione nell&#039;aprile 2016.\" \/>\n<meta property=\"og:url\" content=\"https:\/\/cortomaltese.com\/de\/credits\/\" \/>\n<meta property=\"og:site_name\" content=\"Cortomaltese deutsche\" \/>\n<meta property=\"article:modified_time\" content=\"2019-12-04T05:41:59+00:00\" \/>\n<meta name=\"twitter:card\" content=\"summary_large_image\" \/>\n<meta name=\"twitter:label1\" content=\"Gesch\u00e4tzte Lesezeit\" \/>\n\t<meta name=\"twitter:data1\" content=\"1 Minute\" \/>\n<script type=\"application\/ld+json\" class=\"yoast-schema-graph\">{\"@context\":\"https:\/\/schema.org\",\"@graph\":[{\"@type\":\"WebPage\",\"@id\":\"https:\/\/cortomaltese.com\/de\/credits\/\",\"url\":\"https:\/\/cortomaltese.com\/de\/credits\/\",\"name\":\"Credits | Corto Maltese\",\"isPartOf\":{\"@id\":\"https:\/\/cortomaltese.com\/de\/#website\"},\"datePublished\":\"2016-04-17T12:44:08+00:00\",\"dateModified\":\"2019-12-04T05:41:59+00:00\",\"description\":\"Verantwortung, Credits und Danksagung f\u00fcr Realisierung und Betreiben der Webseite, die in der aktuellen Version im April 2016 an den Start ging.\",\"breadcrumb\":{\"@id\":\"https:\/\/cortomaltese.com\/de\/credits\/#breadcrumb\"},\"inLanguage\":\"de-CH\",\"potentialAction\":[{\"@type\":\"ReadAction\",\"target\":[\"https:\/\/cortomaltese.com\/de\/credits\/\"]}]},{\"@type\":\"BreadcrumbList\",\"@id\":\"https:\/\/cortomaltese.com\/de\/credits\/#breadcrumb\",\"itemListElement\":[{\"@type\":\"ListItem\",\"position\":1,\"name\":\"Startseite\",\"item\":\"https:\/\/cortomaltese.com\/de\/\"},{\"@type\":\"ListItem\",\"position\":2,\"name\":\"Credits\"}]},{\"@type\":\"WebSite\",\"@id\":\"https:\/\/cortomaltese.com\/de\/#website\",\"url\":\"https:\/\/cortomaltese.com\/de\/\",\"name\":\"Cortomaltese deutsche\",\"description\":\"Il sito ufficiale\",\"potentialAction\":[{\"@type\":\"SearchAction\",\"target\":{\"@type\":\"EntryPoint\",\"urlTemplate\":\"https:\/\/cortomaltese.com\/de\/?s={search_term_string}\"},\"query-input\":{\"@type\":\"PropertyValueSpecification\",\"valueRequired\":true,\"valueName\":\"search_term_string\"}}],\"inLanguage\":\"de-CH\"}]}<\/script>\n<!-- \/ Yoast SEO plugin. -->","yoast_head_json":{"title":"Credits | Corto Maltese","description":"Verantwortung, Credits und Danksagung f\u00fcr Realisierung und Betreiben der Webseite, die in der aktuellen Version im April 2016 an den Start ging.","robots":{"index":"index","follow":"follow","max-snippet":"max-snippet:-1","max-image-preview":"max-image-preview:large","max-video-preview":"max-video-preview:-1"},"canonical":"https:\/\/cortomaltese.com\/de\/credits\/","og_locale":"de_DE","og_type":"article","og_title":"Credits e ringraziamenti | Corto Maltese","og_description":"Responsabilit\u00e0, credits e ringraziamenti per la realizzazione e gestione del sito, pubblicato nella presente versione nell'aprile 2016.","og_url":"https:\/\/cortomaltese.com\/de\/credits\/","og_site_name":"Cortomaltese deutsche","article_modified_time":"2019-12-04T05:41:59+00:00","twitter_card":"summary_large_image","twitter_misc":{"Gesch\u00e4tzte Lesezeit":"1 Minute"},"schema":{"@context":"https:\/\/schema.org","@graph":[{"@type":"WebPage","@id":"https:\/\/cortomaltese.com\/de\/credits\/","url":"https:\/\/cortomaltese.com\/de\/credits\/","name":"Credits | Corto Maltese","isPartOf":{"@id":"https:\/\/cortomaltese.com\/de\/#website"},"datePublished":"2016-04-17T12:44:08+00:00","dateModified":"2019-12-04T05:41:59+00:00","description":"Verantwortung, Credits und Danksagung f\u00fcr Realisierung und Betreiben der Webseite, die in der aktuellen Version im April 2016 an den Start ging.","breadcrumb":{"@id":"https:\/\/cortomaltese.com\/de\/credits\/#breadcrumb"},"inLanguage":"de-CH","potentialAction":[{"@type":"ReadAction","target":["https:\/\/cortomaltese.com\/de\/credits\/"]}]},{"@type":"BreadcrumbList","@id":"https:\/\/cortomaltese.com\/de\/credits\/#breadcrumb","itemListElement":[{"@type":"ListItem","position":1,"name":"Startseite","item":"https:\/\/cortomaltese.com\/de\/"},{"@type":"ListItem","position":2,"name":"Credits"}]},{"@type":"WebSite","@id":"https:\/\/cortomaltese.com\/de\/#website","url":"https:\/\/cortomaltese.com\/de\/","name":"Cortomaltese deutsche","description":"Il sito ufficiale","potentialAction":[{"@type":"SearchAction","target":{"@type":"EntryPoint","urlTemplate":"https:\/\/cortomaltese.com\/de\/?s={search_term_string}"},"query-input":{"@type":"PropertyValueSpecification","valueRequired":true,"valueName":"search_term_string"}}],"inLanguage":"de-CH"}]}},"_links":{"self":[{"href":"https:\/\/cortomaltese.com\/de\/wp-json\/wp\/v2\/pages\/13057","targetHints":{"allow":["GET"]}}],"collection":[{"href":"https:\/\/cortomaltese.com\/de\/wp-json\/wp\/v2\/pages"}],"about":[{"href":"https:\/\/cortomaltese.com\/de\/wp-json\/wp\/v2\/types\/page"}],"author":[{"embeddable":true,"href":"https:\/\/cortomaltese.com\/de\/wp-json\/wp\/v2\/users\/1"}],"replies":[{"embeddable":true,"href":"https:\/\/cortomaltese.com\/de\/wp-json\/wp\/v2\/comments?post=13057"}],"version-history":[{"count":0,"href":"https:\/\/cortomaltese.com\/de\/wp-json\/wp\/v2\/pages\/13057\/revisions"}],"wp:attachment":[{"href":"https:\/\/cortomaltese.com\/de\/wp-json\/wp\/v2\/media?parent=13057"}],"curies":[{"name":"wp","href":"https:\/\/api.w.org\/{rel}","templated":true}]}}